{"id":9661,"date":"2024-03-07T11:15:35","date_gmt":"2024-03-07T11:15:35","guid":{"rendered":"https:\/\/www.sana-viva.com\/?page_id=9661"},"modified":"2024-04-26T08:47:21","modified_gmt":"2024-04-26T08:47:21","slug":"cdl-forscher-werden","status":"publish","type":"page","link":"https:\/\/www.sana-viva.com\/","title":{"rendered":"CDL Forscher werden"},"content":{"rendered":"<div class=\"wpb-content-wrapper\"><p>[vc_row][vc_column]<script>console.log(\"CDL Set: Please register the Slider Revolution plugin to use premium templates.\")<\/script>\n[\/vc_column][\/vc_row][vc_row full_width=&#8220;stretch_row_content&#8220; content_placement=&#8220;middle&#8220; css=&#8220;.vc_custom_1709810252393{margin-top: 35px !important;padding-right: 15px !important;padding-left: 15px !important;}&#8220; woodmart_css_id=&#8220;65e9a26e15295&#8243; responsive_spacing=&#8220;eyJwYXJhbV90eXBlIjoid29vZG1hcnRfcmVzcG9uc2l2ZV9zcGFjaW5nIiwic2VsZWN0b3JfaWQiOiI2NWU5YTI2ZTE1Mjk1Iiwic2hvcnRjb2RlIjoidmNfcm93IiwiZGF0YSI6eyJ0YWJsZXQiOnt9LCJtb2JpbGUiOnt9fX0=&#8220; mobile_bg_img_hidden=&#8220;no&#8220; tablet_bg_img_hidden=&#8220;no&#8220; woodmart_parallax=&#8220;0&#8243; woodmart_gradient_switch=&#8220;no&#8220; row_reverse_mobile=&#8220;0&#8243; row_reverse_tablet=&#8220;0&#8243; woodmart_disable_overflow=&#8220;0&#8243; woodmart_box_shadow=&#8220;no&#8220; wd_z_index=&#8220;no&#8220;][vc_column scroll_x=&#8220;0&#8243; scroll_y=&#8220;20&#8243; scroll_z=&#8220;0&#8243; parallax_scroll=&#8220;yes&#8220; css=&#8220;.vc_custom_1709806882024{margin-right: 80px !important;padding-top: 40px !important;padding-bottom: 25px !important;background-color: #969c3a !important;}&#8220; offset=&#8220;vc_col-lg-6 vc_col-md-6&#8243; woodmart_css_id=&#8220;65e995338e4dd&#8220; responsive_spacing=&#8220;eyJwYXJhbV90eXBlIjoid29vZG1hcnRfcmVzcG9uc2l2ZV9zcGFjaW5nIiwic2VsZWN0b3JfaWQiOiI2NWU5OTUzMzhlNGRkIiwic2hvcnRjb2RlIjoidmNfY29sdW1uIiwiZGF0YSI6eyJ0YWJsZXQiOnsicGFkZGluZy1ib3R0b20iOiI1NXB4In0sIm1vYmlsZSI6e319fQ==&#8220; mobile_bg_img_hidden=&#8220;no&#8220; tablet_bg_img_hidden=&#8220;no&#8220; woodmart_parallax=&#8220;0&#8243; woodmart_sticky_column=&#8220;false&#8220; mobile_reset_margin=&#8220;yes&#8220; tablet_reset_margin=&#8220;yes&#8220; wd_z_index=&#8220;no&#8220; wd_collapsible_content_switcher=&#8220;no&#8220; wd_column_role_offcanvas_desktop=&#8220;no&#8220; wd_column_role_offcanvas_tablet=&#8220;no&#8220; wd_column_role_offcanvas_mobile=&#8220;no&#8220; wd_column_role_content_desktop=&#8220;no&#8220; wd_column_role_content_tablet=&#8220;no&#8220; wd_column_role_content_mobile=&#8220;no&#8220; woodmart_box_shadow=&#8220;no&#8220;]\t\t<div id=\"wd-65e99fc9ddf62\" data-parallax='{\"y\":\"-30\",\"smoothness\":\"30\"}' class=\"wd-image wd-wpb wd-rs-65e99fc9ddf62 text-right vc_custom_1709809573018\">\n\t\t\t\n\t\t\t<img loading=\"lazy\" decoding=\"async\" width=\"600\" height=\"432\" src=\"https:\/\/www.sana-viva.com\/wp-content\/uploads\/2024\/03\/back_cdl_600.gif\" class=\"attachment-800x600 size-800x600\" alt=\"\" \/>\n\t\t\t\t\t<\/div>\n\t\t[\/vc_column][vc_column scroll_x=&#8220;0&#8243; scroll_y=&#8220;20&#8243; scroll_z=&#8220;0&#8243; parallax_scroll=&#8220;yes&#8220; css=&#8220;.vc_custom_1628667942709{margin-left: 65px !important;padding-top: 40px !important;padding-bottom: 30px !important;}&#8220; offset=&#8220;vc_col-lg-5 vc_col-md-6&#8243; woodmart_css_id=&#8220;6113801f21d49&#8243; responsive_spacing=&#8220;eyJwYXJhbV90eXBlIjoid29vZG1hcnRfcmVzcG9uc2l2ZV9zcGFjaW5nIiwic2VsZWN0b3JfaWQiOiI2MTEzODAxZjIxZDQ5Iiwic2hvcnRjb2RlIjoidmNfY29sdW1uIiwiZGF0YSI6eyJ0YWJsZXQiOnt9LCJtb2JpbGUiOnt9fX0=&#8220; mobile_bg_img_hidden=&#8220;no&#8220; tablet_bg_img_hidden=&#8220;no&#8220; woodmart_parallax=&#8220;0&#8243; woodmart_sticky_column=&#8220;false&#8220; mobile_reset_margin=&#8220;yes&#8220; tablet_reset_margin=&#8220;yes&#8220;]\n\t\t<div id=\"wd-65e995c91dd59\" class=\"title-wrapper wd-wpb wd-set-mb reset-last-child  wd-rs-65e995c91dd59 wd-title-color-default wd-title-style-default text-left  wd-width-custom wd-underline-colored\">\n\t\t\t\n\t\t\t<div class=\"liner-continer\">\n\t\t\t\t<h4 class=\"woodmart-title-container title  wd-font-weight-400 wd-fontsize-l\" >Wir suchen <strong><em>Dich<\/em><\/strong> f\u00fcr die SANA Viva CDL Forschung.<\/h4>\n\t\t\t\t\t\t\t<\/div>\n\t\t\t\n\t\t\t\n\t\t\t\n\t\t<\/div>\n\t\t\n\t\t\t\t<div id=\"wd-662a0efc1bc4f\" class=\"wd-text-block wd-wpb reset-last-child wd-rs-662a0efc1bc4f text-left wd-fontsize-s \">\n\t\t\t<p>Die erste CDL Forschung umfasst 5.00(0) Teilnehmer.<br \/>\nWir erforschen die Wirkung von CDL vor allem auf Impfsch\u00e4den, Viren, HPV und Krebs.<\/p>\n\t\t<\/div>\n\t\t<div id=\"wd-662a3296c1713\" class=\" wd-rs-662a3296c1713  wd-button-wrapper text-center inline-element\"><a href=\"https:\/\/www.sana-viva.com\/?page_id=4508\" title=\"CDL Forschung\" class=\"btn btn-style-bordered btn-shape-semi-round btn-size-default\">mehr erfahren<\/a><\/div>[\/vc_column][\/vc_row][vc_row full_width=&#8220;stretch_row_content&#8220; content_placement=&#8220;middle&#8220; row_reverse_mobile=&#8220;1&#8243; row_reverse_tablet=&#8220;1&#8243; css=&#8220;.vc_custom_1628667895347{padding-right: 15px !important;padding-left: 15px !important;}&#8220; woodmart_css_id=&#8220;61137ff59b31b&#8220; responsive_spacing=&#8220;eyJwYXJhbV90eXBlIjoid29vZG1hcnRfcmVzcG9uc2l2ZV9zcGFjaW5nIiwic2VsZWN0b3JfaWQiOiI2MTEzN2ZmNTliMzFiIiwic2hvcnRjb2RlIjoidmNfcm93IiwiZGF0YSI6eyJ0YWJsZXQiOnt9LCJtb2JpbGUiOnt9fX0=&#8220; mobile_bg_img_hidden=&#8220;no&#8220; tablet_bg_img_hidden=&#8220;no&#8220; woodmart_parallax=&#8220;0&#8243; woodmart_gradient_switch=&#8220;no&#8220; woodmart_disable_overflow=&#8220;0&#8243;][vc_column scroll_x=&#8220;0&#8243; scroll_y=&#8220;20&#8243; scroll_z=&#8220;0&#8243; woodmart_text_align=&#8220;right&#8220; parallax_scroll=&#8220;yes&#8220; css=&#8220;.vc_custom_1628667933262{margin-right: 65px !important;padding-top: 40px !important;padding-bottom: 30px !important;}&#8220; offset=&#8220;vc_col-lg-offset-1 vc_col-lg-5 vc_col-md-6&#8243; woodmart_css_id=&#8220;61138017208ff&#8220; responsive_spacing=&#8220;eyJwYXJhbV90eXBlIjoid29vZG1hcnRfcmVzcG9uc2l2ZV9zcGFjaW5nIiwic2VsZWN0b3JfaWQiOiI2MTEzODAxNzIwOGZmIiwic2hvcnRjb2RlIjoidmNfY29sdW1uIiwiZGF0YSI6eyJ0YWJsZXQiOnt9LCJtb2JpbGUiOnt9fX0=&#8220; mobile_bg_img_hidden=&#8220;no&#8220; tablet_bg_img_hidden=&#8220;no&#8220; woodmart_parallax=&#8220;0&#8243; woodmart_sticky_column=&#8220;false&#8220; mobile_reset_margin=&#8220;yes&#8220; tablet_reset_margin=&#8220;yes&#8220;]\n\t\t<div id=\"wd-65e996d8b3fe9\" class=\"title-wrapper wd-wpb wd-set-mb reset-last-child  wd-rs-65e996d8b3fe9 wd-title-color-default wd-title-style-default text-right  wd-width-custom wd-underline-colored\">\n\t\t\t\n\t\t\t<div class=\"liner-continer\">\n\t\t\t\t<h4 class=\"woodmart-title-container title  wd-font-weight-400 wd-fontsize-l\" >Warum an der <strong><em>CDL Forschung<\/em><\/strong> teilnehmen?<\/h4>\n\t\t\t\t\t\t\t<\/div>\n\t\t\t\n\t\t\t\n\t\t\t\n\t\t<\/div>\n\t\t\n\t\t\t\t<div id=\"wd-65e9a6c82a0c6\" class=\"wd-text-block wd-wpb reset-last-child wd-rs-65e9a6c82a0c6 text-right wd-fontsize-s \">\n\t\t\t<p>Wir forschen f\u00fcr die Gesundheit unserer Natur &#8211; Mensch &#8211; Tier.<br \/>\nUnser oberstes Anliegen ist die Ehrlichkeit und den Slogan der Medizin in Vordergrund: Der Hippokratischer Eid oder auch das Genfer Gel\u00f6bnis.<br \/>\nNachdem viele unserer \u00c4rzte diesen Eid w\u00e4hrend und nach Corona wohl vergessen haben, rufen wir zur Eigenverantwortung auf.<\/p>\n\t\t<\/div>\n\t\t<div id=\"wd-65e9a5ba65a16\" class=\" wd-rs-65e9a5ba65a16   wd-rs-65e9a5ba65a16 wd-button-wrapper text-right\"><a href=\"#my_popup\" title=\"\" class=\"btn btn-style-bordered btn-shape-rectangle btn-size-default wd-open-popup \">Der Hippokrates Eid<\/a><\/div><div id=\"my_popup\" class=\"wd-popup wd-popup-element mfp-hide\" style=\"--wd-popup-width:800px;\">[vc_column_text css=&#8220;&#8220; woodmart_inline=&#8220;no&#8220; text_larger=&#8220;no&#8220;]<em><span dir=\"ltr\" role=\"presentation\">\u201cIch schw\u00f6re, Apollon den Arzt und Asklepios und Hygieia und Panakeia und alle G\u00f6tter und G\u00f6ttinnen <\/span><\/em><em><span dir=\"ltr\" role=\"presentation\">zu Zeugen anrufend,\u00a0<strong> da\u00df ich nach bestem Verm\u00f6gen und Urteil diesen Eid und diese Verpflichtung erf\u00fcl<\/strong><\/span><\/em><em><span dir=\"ltr\" role=\"presentation\"><strong>len werde:<\/strong><br \/>\nden, der mich diese Kunst lehrte, meinen Eltern gleich zu\u00a0 achten, mit ihm den Lebensunterhalt <\/span><\/em><em><span dir=\"ltr\" role=\"presentation\">zu teilen und ihn, wenn er Not leidet, mitzuversorgen;<br \/>\nseine Nachkommen meinen Br\u00fcdern gleichzustellen <\/span><\/em><em><span dir=\"ltr\" role=\"presentation\">und, wenn sie es w\u00fcnschen, sie diese Kunst zu lehren ohne Entgelt und ohne Vertrag;<br \/>\nRatschlag und Vor<\/span><\/em><em><span dir=\"ltr\" role=\"presentation\">lesung und alle \u00fcbrige Belehrung meinen und meines Lehrers S\u00f6hnen mitzuteilen, wie auch den Sch\u00fclern, <\/span><\/em><em><span dir=\"ltr\" role=\"presentation\">die nach \u00e4rztlichem Brauch durch den Vertrag gebunden und durch den Eid verpflichtet sind, sonst aber <\/span><\/em><em><span dir=\"ltr\" role=\"presentation\">niemandem.<br \/>\n<strong>Meine Verordnungen werde ich treffen zu Nutz und Frommen der Kranken, nach bestem <\/strong><\/span><\/em><em><span dir=\"ltr\" role=\"presentation\"><strong>Verm\u00f6gen und Urteil;<\/strong><br \/>\n<strong>ich werde sie bewahren vor Schaden und willk\u00fcrlichem\u00a0 Unrecht. Ich werde nie<\/strong><\/span><\/em><em><span dir=\"ltr\" role=\"presentation\"><strong>mandem, auch nicht auf seine Bitte hin, ein t\u00f6dliches Gift verabreichen oder auch nur dazu raten.<\/strong><br \/>\nAuch <\/span><\/em><em><span dir=\"ltr\" role=\"presentation\">werde ich nie einer Frau ein Abtreibungsmittel geben. Heilig und rein werde ich mein Leben und meine <\/span><\/em><em><span dir=\"ltr\" role=\"presentation\">Kunst bewahren.<br \/>\nAuch werde ich den Blasenstein nicht operieren, sondern es denen \u00fcberlassen, deren <\/span><\/em><em><span dir=\"ltr\" role=\"presentation\">Gewerbe dies ist. <strong>Welche H\u00e4user ich betreten werde, ich will zu Nutz und Frommen der Kranken eintre<\/strong><\/span><\/em><strong><em><span dir=\"ltr\" role=\"presentation\">ten, mich enthalten jedes willk\u00fcrlichen Unrechtes und jeder anderen Sch\u00e4digung, auch aller Werke der <\/span><\/em><\/strong><em><span dir=\"ltr\" role=\"presentation\"><strong>Wollust an den Leibern von Frauen und M\u00e4nnern, Freien und Sklaven.<\/strong> Was ich bei der Behandlung sehe <\/span><\/em><em><span dir=\"ltr\" role=\"presentation\">oder h\u00f6re oder auch au\u00dferhalb der Behandlung im Leben der Menschen, werde ich, soweit man es <\/span><\/em><em><span dir=\"ltr\" role=\"presentation\">nicht ausplaudern darf, verschweigen und solches als ein\u00a0 Geheimnis betrachten.<br \/>\n<strong>Wenn ich nun diesen <\/strong><\/span><\/em><em><span dir=\"ltr\" role=\"presentation\"><strong>Eid erf\u00fclle und nicht verletze,<\/strong> m\u00f6ge mir im Leben und in der Kunst Erfolg zuteil werden und Ruhm bei al<\/span><\/em><em><span dir=\"ltr\" role=\"presentation\">len Menschen bis in ewige Zeiten;<\/span><\/em><strong><em><span dir=\"ltr\" role=\"presentation\"><br \/>\nwenn ich ihn \u00fcbertrete und meineidig werde, das Gegenteil.\u201d<\/span><\/em><\/strong>[\/vc_column_text]<\/div>[\/vc_column][vc_column scroll_x=&#8220;0&#8243; scroll_y=&#8220;20&#8243; scroll_z=&#8220;0&#8243; parallax_scroll=&#8220;yes&#8220; css=&#8220;.vc_custom_1709806906609{margin-left: 80px !important;padding-top: 0px !important;background-color: #969c3a !important;}&#8220; offset=&#8220;vc_col-lg-6 vc_col-md-6&#8243; woodmart_parallax=&#8220;0&#8243; woodmart_sticky_column=&#8220;false&#8220; woodmart_css_id=&#8220;65e99550c6e35&#8243; responsive_spacing=&#8220;eyJwYXJhbV90eXBlIjoid29vZG1hcnRfcmVzcG9uc2l2ZV9zcGFjaW5nIiwic2VsZWN0b3JfaWQiOiI2NWU5OTU1MGM2ZTM1Iiwic2hvcnRjb2RlIjoidmNfY29sdW1uIiwiZGF0YSI6eyJ0YWJsZXQiOnsicGFkZGluZy1ib3R0b20iOiIzMHB4In0sIm1vYmlsZSI6e319fQ==&#8220; mobile_bg_img_hidden=&#8220;no&#8220; tablet_bg_img_hidden=&#8220;no&#8220; mobile_reset_margin=&#8220;yes&#8220; tablet_reset_margin=&#8220;yes&#8220; wd_collapsible_content_switcher=&#8220;no&#8220; wd_column_role_offcanvas_desktop=&#8220;no&#8220; wd_column_role_offcanvas_tablet=&#8220;no&#8220; wd_column_role_offcanvas_mobile=&#8220;no&#8220; wd_column_role_content_desktop=&#8220;no&#8220; wd_column_role_content_tablet=&#8220;no&#8220; wd_column_role_content_mobile=&#8220;no&#8220; woodmart_box_shadow=&#8220;no&#8220; wd_z_index=&#8220;no&#8220;]\t\t<div id=\"wd-65e9a653a8253\" data-parallax='{\"y\":\"-30\",\"smoothness\":\"30\"}' class=\"wd-image wd-wpb wd-rs-65e9a653a8253 text-center vc_custom_1709811249339\">\n\t\t\t\n\t\t\t<img loading=\"lazy\" decoding=\"async\" width=\"800\" height=\"600\" src=\"https:\/\/www.sana-viva.com\/wp-content\/uploads\/2024\/03\/ban_longcovid_800.jpg\" class=\"attachment-large size-large\" alt=\"\" srcset=\"https:\/\/www.sana-viva.com\/wp-content\/uploads\/2024\/03\/ban_longcovid_800.jpg 800w, https:\/\/www.sana-viva.com\/wp-content\/uploads\/2024\/03\/ban_longcovid_800-430x323.jpg 430w, https:\/\/www.sana-viva.com\/wp-content\/uploads\/2024\/03\/ban_longcovid_800-150x113.jpg 150w, https:\/\/www.sana-viva.com\/wp-content\/uploads\/2024\/03\/ban_longcovid_800-700x525.jpg 700w, https:\/\/www.sana-viva.com\/wp-content\/uploads\/2024\/03\/ban_longcovid_800-400x300.jpg 400w, https:\/\/www.sana-viva.com\/wp-content\/uploads\/2024\/03\/ban_longcovid_800-768x576.jpg 768w\" sizes=\"auto, (max-width: 800px) 100vw, 800px\" \/>\n\t\t\t\t\t<\/div>\n\t\t[\/vc_column][\/vc_row][vc_row full_width=&#8220;stretch_row_content&#8220; content_placement=&#8220;middle&#8220; css=&#8220;.vc_custom_1709810252393{margin-top: 35px !important;padding-right: 15px !important;padding-left: 15px !important;}&#8220; woodmart_css_id=&#8220;65e9a26e15295&#8243; responsive_spacing=&#8220;eyJwYXJhbV90eXBlIjoid29vZG1hcnRfcmVzcG9uc2l2ZV9zcGFjaW5nIiwic2VsZWN0b3JfaWQiOiI2NWU5YTI2ZTE1Mjk1Iiwic2hvcnRjb2RlIjoidmNfcm93IiwiZGF0YSI6eyJ0YWJsZXQiOnt9LCJtb2JpbGUiOnt9fX0=&#8220; mobile_bg_img_hidden=&#8220;no&#8220; tablet_bg_img_hidden=&#8220;no&#8220; woodmart_parallax=&#8220;0&#8243; woodmart_gradient_switch=&#8220;no&#8220; row_reverse_mobile=&#8220;0&#8243; row_reverse_tablet=&#8220;0&#8243; woodmart_disable_overflow=&#8220;0&#8243; woodmart_box_shadow=&#8220;no&#8220; wd_z_index=&#8220;no&#8220;][vc_column scroll_x=&#8220;0&#8243; scroll_y=&#8220;20&#8243; scroll_z=&#8220;0&#8243; parallax_scroll=&#8220;yes&#8220; css=&#8220;.vc_custom_1709812276495{margin-right: 80px !important;padding-top: 40px !important;padding-bottom: 25px !important;}&#8220; offset=&#8220;vc_col-lg-6 vc_col-md-6&#8243; woodmart_css_id=&#8220;65e9aa57dfb0e&#8220; responsive_spacing=&#8220;eyJwYXJhbV90eXBlIjoid29vZG1hcnRfcmVzcG9uc2l2ZV9zcGFjaW5nIiwic2VsZWN0b3JfaWQiOiI2NWU5YWE1N2RmYjBlIiwic2hvcnRjb2RlIjoidmNfY29sdW1uIiwiZGF0YSI6eyJ0YWJsZXQiOnsicGFkZGluZy1ib3R0b20iOiI1NXB4In0sIm1vYmlsZSI6e319fQ==&#8220; mobile_bg_img_hidden=&#8220;no&#8220; tablet_bg_img_hidden=&#8220;no&#8220; woodmart_parallax=&#8220;0&#8243; woodmart_sticky_column=&#8220;false&#8220; mobile_reset_margin=&#8220;yes&#8220; tablet_reset_margin=&#8220;yes&#8220; wd_z_index=&#8220;no&#8220; wd_collapsible_content_switcher=&#8220;no&#8220; wd_column_role_offcanvas_desktop=&#8220;no&#8220; wd_column_role_offcanvas_tablet=&#8220;no&#8220; wd_column_role_offcanvas_mobile=&#8220;no&#8220; wd_column_role_content_desktop=&#8220;no&#8220; wd_column_role_content_tablet=&#8220;no&#8220; wd_column_role_content_mobile=&#8220;no&#8220; woodmart_box_shadow=&#8220;no&#8220;]\t\t<div id=\"wd-65e9a9e653ed3\" data-parallax='{\"y\":\"-30\",\"smoothness\":\"30\"}' class=\"wd-image wd-wpb wd-rs-65e9a9e653ed3 text-center vc_custom_1709812208139\">\n\t\t\t\n\t\t\t<img loading=\"lazy\" decoding=\"async\" width=\"380\" height=\"500\" src=\"https:\/\/www.sana-viva.com\/wp-content\/uploads\/2021\/08\/medical-marijuana-img-ricardo.png\" class=\"attachment-800x600 size-800x600\" alt=\"\" srcset=\"https:\/\/www.sana-viva.com\/wp-content\/uploads\/2021\/08\/medical-marijuana-img-ricardo.png 380w, https:\/\/www.sana-viva.com\/wp-content\/uploads\/2021\/08\/medical-marijuana-img-ricardo-150x197.png 150w\" sizes=\"auto, (max-width: 380px) 100vw, 380px\" \/>\n\t\t\t\t\t<\/div>\n\t\t[\/vc_column][vc_column scroll_x=&#8220;0&#8243; scroll_y=&#8220;20&#8243; scroll_z=&#8220;0&#8243; parallax_scroll=&#8220;yes&#8220; css=&#8220;.vc_custom_1628667942709{margin-left: 65px !important;padding-top: 40px !important;padding-bottom: 30px !important;}&#8220; offset=&#8220;vc_col-lg-5 vc_col-md-6&#8243; woodmart_css_id=&#8220;6113801f21d49&#8243; responsive_spacing=&#8220;eyJwYXJhbV90eXBlIjoid29vZG1hcnRfcmVzcG9uc2l2ZV9zcGFjaW5nIiwic2VsZWN0b3JfaWQiOiI2MTEzODAxZjIxZDQ5Iiwic2hvcnRjb2RlIjoidmNfY29sdW1uIiwiZGF0YSI6eyJ0YWJsZXQiOnt9LCJtb2JpbGUiOnt9fX0=&#8220; mobile_bg_img_hidden=&#8220;no&#8220; tablet_bg_img_hidden=&#8220;no&#8220; woodmart_parallax=&#8220;0&#8243; woodmart_sticky_column=&#8220;false&#8220; mobile_reset_margin=&#8220;yes&#8220; tablet_reset_margin=&#8220;yes&#8220;]\n\t\t<div id=\"wd-65e9aa2be290f\" class=\"title-wrapper wd-wpb wd-set-mb reset-last-child  wd-rs-65e9aa2be290f wd-title-color-default wd-title-style-default text-left  wd-width-custom wd-underline-colored\">\n\t\t\t\n\t\t\t<div class=\"liner-continer\">\n\t\t\t\t<h4 class=\"woodmart-title-container title  wd-font-weight-400 wd-fontsize-l\" >Jetzt bewerben und sichere Dir einen der <strong><em>5.000<\/em><\/strong> Pl\u00e4tze.<\/h4>\n\t\t\t\t\t\t\t<\/div>\n\t\t\t\n\t\t\t\n\t\t\t\n\t\t<\/div>\n\t\t\n\t\t\n<div class=\"wpcf7 no-js\" id=\"wpcf7-f1938-o1\" lang=\"en-US\" dir=\"ltr\" data-wpcf7-id=\"1938\">\n<div class=\"screen-reader-response\"><p role=\"status\" aria-live=\"polite\" aria-atomic=\"true\"><\/p> <ul><\/ul><\/div>\n<form action=\"\/index.php?rest_route=%2Fwp%2Fv2%2Fpages%2F9661#wpcf7-f1938-o1\" method=\"post\" class=\"wpcf7-form init\" aria-label=\"Contact form\" novalidate=\"novalidate\" data-status=\"init\">\n<div style=\"display: none;\">\n<input type=\"hidden\" name=\"_wpcf7\" value=\"1938\" \/>\n<input type=\"hidden\" name=\"_wpcf7_version\" value=\"6.0.3\" \/>\n<input type=\"hidden\" name=\"_wpcf7_locale\" value=\"en_US\" \/>\n<input type=\"hidden\" name=\"_wpcf7_unit_tag\" value=\"wpcf7-f1938-o1\" \/>\n<input type=\"hidden\" name=\"_wpcf7_container_post\" value=\"0\" \/>\n<input type=\"hidden\" name=\"_wpcf7_posted_data_hash\" value=\"\" \/>\n<\/div>\n<div class=\"row\">\n\t<p class=\"col-md-6\"><label>Your Name<\/label><span class=\"wpcf7-form-control-wrap\" data-name=\"your-name\"><input size=\"40\" maxlength=\"400\" class=\"wpcf7-form-control wpcf7-text wpcf7-validates-as-required\" aria-required=\"true\" aria-invalid=\"false\" value=\"\" type=\"text\" name=\"your-name\" \/><\/span>\n\t<\/p>\n\t<p class=\"col-md-6\"><label>Your Email<\/label><span class=\"wpcf7-form-control-wrap\" data-name=\"your-email\"><input size=\"40\" maxlength=\"400\" class=\"wpcf7-form-control wpcf7-email wpcf7-validates-as-required wpcf7-text wpcf7-validates-as-email\" aria-required=\"true\" aria-invalid=\"false\" value=\"\" type=\"email\" name=\"your-email\" \/><\/span>\n\t<\/p>\n<\/div>\n<div class=\"row\">\n\t<p class=\"col-md-6\"><label>Phone Number<\/label><span class=\"wpcf7-form-control-wrap\" data-name=\"tel-767\"><input size=\"40\" maxlength=\"400\" class=\"wpcf7-form-control wpcf7-tel wpcf7-text wpcf7-validates-as-tel\" aria-invalid=\"false\" value=\"\" type=\"tel\" name=\"tel-767\" \/><\/span>\n\t<\/p>\n\t<p class=\"col-md-6\"><label>Company<\/label><span class=\"wpcf7-form-control-wrap\" data-name=\"text-1\"><input size=\"40\" maxlength=\"400\" class=\"wpcf7-form-control wpcf7-text\" aria-invalid=\"false\" value=\"\" type=\"text\" name=\"text-1\" \/><\/span>\n\t<\/p>\n<\/div>\n<p><label>Your Message<\/label><span class=\"wpcf7-form-control-wrap\" data-name=\"your-message\"><textarea cols=\"40\" rows=\"10\" maxlength=\"2000\" class=\"wpcf7-form-control wpcf7-textarea\" aria-invalid=\"false\" name=\"your-message\"><\/textarea><\/span>\n<\/p>\n<p><input class=\"wpcf7-form-control wpcf7-submit has-spinner btn-color-black\" type=\"submit\" value=\"ASK A QUESTION\" \/>\n<\/p><div class=\"wpcf7-response-output\" aria-hidden=\"true\"><\/div>\n<\/form>\n<\/div>\n[\/vc_column][\/vc_row]<\/p>\n<\/div>","protected":false},"excerpt":{"rendered":"<p>[vc_row][vc_column][\/vc_column][\/vc_row][vc_row full_width=&#8220;stretch_row_content&#8220; content_placement=&#8220;middle&#8220; css=&#8220;.vc_custom_1709810252393{margin-top: 35px !important;padding-right: 15px !important;padding-left: 15px !important;}&#8220; woodmart_css_id=&#8220;65e9a26e15295&#8243; responsive_spacing=&#8220;eyJwYXJhbV90eXBlIjoid29vZG1hcnRfcmVzcG9uc2l2ZV9zcGFjaW5nIiwic2VsZWN0b3JfaWQiOiI2NWU5YTI2ZTE1Mjk1Iiwic2hvcnRjb2RlIjoidmNfcm93IiwiZGF0YSI6eyJ0YWJsZXQiOnt9LCJtb2JpbGUiOnt9fX0=&#8220; mobile_bg_img_hidden=&#8220;no&#8220; tablet_bg_img_hidden=&#8220;no&#8220; woodmart_parallax=&#8220;0&#8243; woodmart_gradient_switch=&#8220;no&#8220; row_reverse_mobile=&#8220;0&#8243; row_reverse_tablet=&#8220;0&#8243; woodmart_disable_overflow=&#8220;0&#8243; woodmart_box_shadow=&#8220;no&#8220;<\/p>\n","protected":false},"author":2,"featured_media":0,"parent":0,"menu_order":0,"comment_status":"closed","ping_status":"closed","template":"","meta":{"footnotes":""},"class_list":["post-9661","page","type-page","status-publish","hentry"],"jetpack_sharing_enabled":true,"_links":{"self":[{"href":"https:\/\/www.sana-viva.com\/index.php?rest_route=\/wp\/v2\/pages\/9661","targetHints":{"allow":["GET"]}}],"collection":[{"href":"https:\/\/www.sana-viva.com\/index.php?rest_route=\/wp\/v2\/pages"}],"about":[{"href":"https:\/\/www.sana-viva.com\/index.php?rest_route=\/wp\/v2\/types\/page"}],"author":[{"embeddable":true,"href":"https:\/\/www.sana-viva.com\/index.php?rest_route=\/wp\/v2\/users\/2"}],"replies":[{"embeddable":true,"href":"https:\/\/www.sana-viva.com\/index.php?rest_route=%2Fwp%2Fv2%2Fcomments&post=9661"}],"version-history":[{"count":37,"href":"https:\/\/www.sana-viva.com\/index.php?rest_route=\/wp\/v2\/pages\/9661\/revisions"}],"predecessor-version":[{"id":9921,"href":"https:\/\/www.sana-viva.com\/index.php?rest_route=\/wp\/v2\/pages\/9661\/revisions\/9921"}],"wp:attachment":[{"href":"https:\/\/www.sana-viva.com\/index.php?rest_route=%2Fwp%2Fv2%2Fmedia&parent=9661"}],"curies":[{"name":"wp","href":"https:\/\/api.w.org\/{rel}","templated":true}]}}