{"id":9589,"date":"2024-03-04T14:35:13","date_gmt":"2024-03-04T14:35:13","guid":{"rendered":"http:\/\/www.sana-viva.com\/?page_id=9589"},"modified":"2024-04-25T11:05:17","modified_gmt":"2024-04-25T11:05:17","slug":"sana-viva-forschung","status":"publish","type":"page","link":"https:\/\/www.sana-viva.com\/?page_id=9589","title":{"rendered":"Sana Viva Forschung"},"content":{"rendered":"<div class=\"wpb-content-wrapper\"><p>[vc_row gap=&#8220;35&#8243; equal_height=&#8220;yes&#8220; content_placement=&#8220;top&#8220; css=&#8220;.vc_custom_1538568615552{margin-bottom: 4vh !important;}&#8220; woodmart_parallax=&#8220;0&#8243; woodmart_gradient_switch=&#8220;no&#8220; row_reverse_mobile=&#8220;0&#8243; row_reverse_tablet=&#8220;0&#8243; woodmart_disable_overflow=&#8220;0&#8243;][vc_column woodmart_parallax=&#8220;0&#8243; parallax_scroll=&#8220;no&#8220; woodmart_sticky_column=&#8220;false&#8220; css=&#8220;.vc_custom_1538568458450{margin-bottom: 4vh !important;padding-top: 0px !important;}&#8220; offset=&#8220;vc_col-lg-6 vc_col-md-6 vc_col-xs-12&#8243;][vc_single_image image=&#8220;9612&#8243; img_size=&#8220;full&#8220; alignment=&#8220;center&#8220; css=&#8220;.vc_custom_1709561909349{margin-bottom: 0px !important;}&#8220; parallax_scroll=&#8220;no&#8220; woodmart_inline=&#8220;no&#8220;][\/vc_column][vc_column woodmart_color_scheme=&#8220;dark&#8220; woodmart_parallax=&#8220;0&#8243; parallax_scroll=&#8220;no&#8220; woodmart_sticky_column=&#8220;false&#8220; css=&#8220;.vc_custom_1538568468606{margin-bottom: 4vh !important;padding-top: 0px !important;}&#8220; offset=&#8220;vc_col-lg-6 vc_col-md-6 vc_col-xs-12&#8243;]\n\t\t<div id=\"wd-65e5dae1f070a\" class=\"title-wrapper wd-wpb wd-set-mb reset-last-child  wd-rs-65e5dae1f070a wd-title-color-default wd-title-style-default text-left  wd-underline-colored\">\n\t\t\t\n\t\t\t<div class=\"liner-continer\">\n\t\t\t\t<h4 class=\"woodmart-title-container title  wd-font-weight- wd-fontsize-l\" >Warum Sana<u>Viva<\/u> Forschungsprojekte?<\/h4>\n\t\t\t\t\t\t\t<\/div>\n\t\t\t\n\t\t\t\t\t\t\t<div class=\"title-after_title reset-last-child  wd-fontsize-xs\">Mit unseren Studien, wollen wir die wissenschaftlichen Bereich sinnvoll bereichern.<br \/>\nM\u00fcssen aufwendige Laborstudien mit Tierversuchen wirklich sein?<br \/>\nMuss Natur der Chemie wirklich weichen?<br \/>\nWie kann ein sinnvoller Umgang mit diesen Naturgaben erreicht werden?<br \/>\nUnd noch viele andere Fragen werden Teil der Studien.<\/div>\n\t\t\t\n\t\t\t\n\t\t<\/div>\n\t\t\n\t\t[vc_row_inner][vc_column_inner width=&#8220;1\/2&#8243; css=&#8220;.vc_custom_1538139599864{margin-bottom: 4vh !important;padding-top: 0px !important;}&#8220;]\t\t\t<div id=\"wd-65e5d9849b5e5\" class=\"wd-text-block-wrapper wd-wpb wd-rs-65e5d9849b5e5 color-scheme-dark text-left vc_custom_1709562262293\">\n\t\t\t\t<div class=\"woodmart-title-container woodmart-text-block reset-last-child font-primary wd-font-weight- \">\n\t\t\t\t\t<strong><span class=\"color-primary\">1.<\/span><\/strong> aussagekr\u00e4ftige Studienergebnisse f\u00fcr eine sinnvolle Verwendung dieser Naturgabe.\t\t\t\t<\/div>\n\n\t\t\t\t\t\t\t<\/div>\n\t\t\t\t\t<div id=\"wd-65e5da0b1b7e9\" class=\"wd-text-block-wrapper wd-wpb wd-rs-65e5da0b1b7e9 color-scheme-dark text-left vc_custom_1709562431431\">\n\t\t\t\t<div class=\"woodmart-title-container woodmart-text-block reset-last-child font-primary wd-font-weight- \">\n\t\t\t\t\t<strong><span class=\"color-primary\">3.<\/span><\/strong> Mit den Forschungsteilnehmern\/innen flie\u00dfen 10% der Forschungsgeb\u00fchr zu Aufforstungsprojekten.\t\t\t\t<\/div>\n\n\t\t\t\t\t\t\t<\/div>\n\t\t[\/vc_column_inner][vc_column_inner width=&#8220;1\/2&#8243; css=&#8220;.vc_custom_1538139911551{margin-bottom: 4vh !important;padding-top: 0px !important;}&#8220;]\t\t\t<div id=\"wd-65e5d9c3b5173\" class=\"wd-text-block-wrapper wd-wpb wd-rs-65e5d9c3b5173 color-scheme-dark text-left vc_custom_1709562310534\">\n\t\t\t\t<div class=\"woodmart-title-container woodmart-text-block reset-last-child font-primary wd-font-weight- \">\n\t\t\t\t\t<strong><span class=\"color-primary\">2.<\/span><\/strong> Freie Nutzung im Zuge der Studienvorgaben.\t\t\t\t<\/div>\n\n\t\t\t\t\t\t\t<\/div>\n\t\t\t\t\t<div id=\"wd-65e5da6adf2de\" class=\"wd-text-block-wrapper wd-wpb wd-rs-65e5da6adf2de color-scheme-dark text-left vc_custom_1709562487010\">\n\t\t\t\t<div class=\"woodmart-title-container woodmart-text-block reset-last-child font-primary wd-font-weight- \">\n\t\t\t\t\t<strong><span class=\"color-primary\">4.<\/span><\/strong> Nach Abschlu\u00df der Studie werden die Ergebnisse ver\u00f6ffentlicht und sind somit f\u00fcr die Allgemeinheit zug\u00e4nglich.\t\t\t\t<\/div>\n\n\t\t\t\t\t\t\t<\/div>\n\t\t[\/vc_column_inner][\/vc_row_inner][\/vc_column][\/vc_row][vc_row][vc_column][vc_column_text]<\/p>\n<p>[\/vc_column_text][\/vc_column][\/vc_row][vc_row full_width=&#8220;stretch_row_content&#8220; content_placement=&#8220;middle&#8220; css=&#8220;.vc_custom_1634134135406{margin-top: -40px !important;}&#8220; woodmart_css_id=&#8220;6166e87095f89&#8243; responsive_spacing=&#8220;eyJwYXJhbV90eXBlIjoid29vZG1hcnRfcmVzcG9uc2l2ZV9zcGFjaW5nIiwic2VsZWN0b3JfaWQiOiI2MTY2ZTg3MDk1Zjg5Iiwic2hvcnRjb2RlIjoidmNfcm93IiwiZGF0YSI6eyJ0YWJsZXQiOnt9LCJtb2JpbGUiOnt9fX0=&#8220; mobile_bg_img_hidden=&#8220;no&#8220; tablet_bg_img_hidden=&#8220;no&#8220; woodmart_parallax=&#8220;0&#8243; woodmart_gradient_switch=&#8220;no&#8220; row_reverse_mobile=&#8220;0&#8243; row_reverse_tablet=&#8220;0&#8243; woodmart_disable_overflow=&#8220;0&#8243; woodmart_box_shadow=&#8220;no&#8220; wd_z_index=&#8220;no&#8220;][vc_column width=&#8220;1\/2&#8243; css=&#8220;.vc_custom_1628577231016{padding-top: 80px !important;padding-bottom: 40px !important;background-image: url({{image1}}) !important;background-position: center !important;background-repeat: no-repeat !important;background-size: cover !important;}&#8220; woodmart_parallax=&#8220;0&#8243; parallax_scroll=&#8220;no&#8220; woodmart_sticky_column=&#8220;false&#8220; woodmart_css_id=&#8220;61121dcb5f3be&#8220; responsive_spacing=&#8220;eyJwYXJhbV90eXBlIjoid29vZG1hcnRfcmVzcG9uc2l2ZV9zcGFjaW5nIiwic2VsZWN0b3JfaWQiOiI2MTEyMWRjYjVmM2JlIiwic2hvcnRjb2RlIjoidmNfY29sdW1uIiwiZGF0YSI6eyJ0YWJsZXQiOnt9LCJtb2JpbGUiOnsicGFkZGluZy10b3AiOiI0MCJ9fX0=&#8220; mobile_bg_img_hidden=&#8220;no&#8220; tablet_bg_img_hidden=&#8220;no&#8220; mobile_reset_margin=&#8220;no&#8220; tablet_reset_margin=&#8220;no&#8220;]\t\t<div id=\"wd-65e5d7825c89f\" class=\"wd-image wd-wpb wd-rs-65e5d7825c89f text-right \">\n\t\t\t\n\t\t\t<img loading=\"lazy\" decoding=\"async\" width=\"1200\" height=\"864\" src=\"https:\/\/www.sana-viva.com\/wp-content\/uploads\/2024\/03\/back_cdl_1200.jpg\" class=\"attachment-full size-full\" alt=\"\" srcset=\"https:\/\/www.sana-viva.com\/wp-content\/uploads\/2024\/03\/back_cdl_1200.jpg 1200w, https:\/\/www.sana-viva.com\/wp-content\/uploads\/2024\/03\/back_cdl_1200-430x310.jpg 430w, https:\/\/www.sana-viva.com\/wp-content\/uploads\/2024\/03\/back_cdl_1200-150x108.jpg 150w, https:\/\/www.sana-viva.com\/wp-content\/uploads\/2024\/03\/back_cdl_1200-700x504.jpg 700w, https:\/\/www.sana-viva.com\/wp-content\/uploads\/2024\/03\/back_cdl_1200-400x288.jpg 400w, https:\/\/www.sana-viva.com\/wp-content\/uploads\/2024\/03\/back_cdl_1200-1111x800.jpg 1111w, https:\/\/www.sana-viva.com\/wp-content\/uploads\/2024\/03\/back_cdl_1200-768x553.jpg 768w, https:\/\/www.sana-viva.com\/wp-content\/uploads\/2024\/03\/back_cdl_1200-860x619.jpg 860w\" sizes=\"auto, (max-width: 1200px) 100vw, 1200px\" \/>\n\t\t\t\t\t<\/div>\n\t\t[\/vc_column][vc_column width=&#8220;1\/2&#8243; scroll_x=&#8220;0&#8243; scroll_y=&#8220;30&#8243; scroll_z=&#8220;0&#8243; parallax_scroll=&#8220;yes&#8220; css=&#8220;.vc_custom_1628576994133{padding-top: 60px !important;padding-right: 15% !important;padding-bottom: 50px !important;padding-left: 15% !important;}&#8220; woodmart_css_id=&#8220;61121cdd6e1d1&#8243; responsive_spacing=&#8220;eyJwYXJhbV90eXBlIjoid29vZG1hcnRfcmVzcG9uc2l2ZV9zcGFjaW5nIiwic2VsZWN0b3JfaWQiOiI2MTEyMWNkZDZlMWQxIiwic2hvcnRjb2RlIjoidmNfY29sdW1uIiwiZGF0YSI6eyJ0YWJsZXQiOnt9LCJtb2JpbGUiOnt9fX0=&#8220; mobile_bg_img_hidden=&#8220;no&#8220; tablet_bg_img_hidden=&#8220;no&#8220; woodmart_parallax=&#8220;0&#8243; woodmart_sticky_column=&#8220;false&#8220; mobile_reset_margin=&#8220;no&#8220; tablet_reset_margin=&#8220;no&#8220;]\n\t\t<div id=\"wd-65e5cf67a67a2\" class=\"title-wrapper wd-wpb wd-set-mb reset-last-child  wd-rs-65e5cf67a67a2 wd-title-color-primary wd-title-style-default text-left vc_custom_1709559663138 wd-width-custom wd-underline-colored\">\n\t\t\t\t\t\t\t\n\t\t\t\t<div class=\"title-subtitle  subtitle-color-primary font-alt subtitle-style-default wd-font-weight- wd-fontsize-xs\">Wir suchen Dich<\/div>\n\t\t\t\n\t\t\t<div class=\"liner-continer\">\n\t\t\t\t<h4 class=\"woodmart-title-container title  wd-font-weight-400 wd-fontsize-l\" >Sana<u>Viva<\/u> CDL Forschungsprojekt<\/h4>\n\t\t\t\t\t\t\t<\/div>\n\t\t\t\n\t\t\t\n\t\t\t\n\t\t<\/div>\n\t\t\n\t\t\t\t<div id=\"wd-662a387a2e16b\" class=\"wd-text-block wd-wpb reset-last-child wd-rs-662a387a2e16b text-left wd-width-custom wd-fontsize-xs vc_custom_1714043054778\">\n\t\t\t<p>Die Chlor Dioxid L\u00f6sung hat nicht nur phantastische Ergebnisse zur Verbesserung der Wasserqualit\u00e4t, sondern hat noch wesentlich mehr zu bieten. Wie verh\u00e4lt sich CDL bei oraler Verwendung, insbesondere bei den ganzen Nebenwirkungen dieser sinnlosen und zu Recht umstrittenen C.-Impfung.<\/p>\n<p>Deswegen suchen f\u00fcr wir Teilnehmer, um daraus eine wissenschaftliche Forschung zu starten. Sei dabei. F\u00fcr unsere CDL Forschung suchen wir anfangs 500 Forschungs Teilehmer\/ -innen. In der 2ten Phase 5.000 Forscher.<br \/>\nSei Teil dieser ersten Forschung zu CDL.<\/p>\n\t\t<\/div>\n\t\t<div id=\"wd-65e9ede6ae0d8\" class=\" wd-rs-65e9ede6ae0d8  wd-button-wrapper text-center inline-element\"><a href=\"https:\/\/www.sana-viva.com\/?page_id=9661\" title=\"Chlor Dioxid L\u00f6sung\" style=\"--btn-color:#fff;--btn-color-hover:#fff;\" class=\"btn btn-style-default btn-shape-round btn-size-default\">mehr erfahren<\/a><\/div>[\/vc_column][\/vc_row][vc_row full_width=&#8220;stretch_row_content&#8220; content_placement=&#8220;middle&#8220; row_reverse_mobile=&#8220;1&#8243; css=&#8220;.vc_custom_1628855099144{margin-bottom: 100px !important;}&#8220; wd_z_index=&#8220;no&#8220; woodmart_css_id=&#8220;61165b325cf01&#8243; responsive_spacing=&#8220;eyJwYXJhbV90eXBlIjoid29vZG1hcnRfcmVzcG9uc2l2ZV9zcGFjaW5nIiwic2VsZWN0b3JfaWQiOiI2MTE2NWIzMjVjZjAxIiwic2hvcnRjb2RlIjoidmNfcm93IiwiZGF0YSI6eyJ0YWJsZXQiOnsibWFyZ2luLWJvdHRvbSI6IjgwIn0sIm1vYmlsZSI6eyJtYXJnaW4tYm90dG9tIjoiNjAifX19&#8243; mobile_bg_img_hidden=&#8220;no&#8220; tablet_bg_img_hidden=&#8220;no&#8220; woodmart_parallax=&#8220;0&#8243; woodmart_gradient_switch=&#8220;no&#8220; row_reverse_tablet=&#8220;0&#8243; woodmart_disable_overflow=&#8220;0&#8243;][vc_column width=&#8220;1\/2&#8243; scroll_x=&#8220;0&#8243; scroll_y=&#8220;-30&#8243; scroll_z=&#8220;0&#8243; woodmart_text_align=&#8220;right&#8220; parallax_scroll=&#8220;yes&#8220; css=&#8220;.vc_custom_1628855083827{padding-top: 60px !important;padding-right: 15% !important;padding-bottom: 50px !important;padding-left: 15% !important;}&#8220; woodmart_css_id=&#8220;61165b295c329&#8243; responsive_spacing=&#8220;eyJwYXJhbV90eXBlIjoid29vZG1hcnRfcmVzcG9uc2l2ZV9zcGFjaW5nIiwic2VsZWN0b3JfaWQiOiI2MTE2NWIyOTVjMzI5Iiwic2hvcnRjb2RlIjoidmNfY29sdW1uIiwiZGF0YSI6eyJ0YWJsZXQiOnt9LCJtb2JpbGUiOnt9fX0=&#8220; mobile_bg_img_hidden=&#8220;no&#8220; tablet_bg_img_hidden=&#8220;no&#8220; woodmart_parallax=&#8220;0&#8243; woodmart_sticky_column=&#8220;false&#8220; mobile_reset_margin=&#8220;no&#8220; tablet_reset_margin=&#8220;no&#8220; wd_z_index=&#8220;no&#8220;]\n\t\t<div id=\"wd-65e5d530e0e39\" class=\"title-wrapper wd-wpb wd-set-mb reset-last-child  wd-rs-65e5d530e0e39 wd-title-color-primary wd-title-style-default text-right vc_custom_1709561140076 wd-width-custom wd-underline-colored\">\n\t\t\t\t\t\t\t\n\t\t\t\t<div class=\"title-subtitle  subtitle-color-primary font-alt subtitle-style-default wd-font-weight- wd-fontsize-xs\">In Vorbereitung<\/div>\n\t\t\t\n\t\t\t<div class=\"liner-continer\">\n\t\t\t\t<h4 class=\"woodmart-title-container title  wd-font-weight-400 wd-fontsize-l\" >Sana <u>Viva<\/u> Zeolith Forschungsprojekt<\/h4>\n\t\t\t\t\t\t\t<\/div>\n\t\t\t\n\t\t\t\n\t\t\t\n\t\t<\/div>\n\t\t\n\t\t\t\t<div id=\"wd-65e5d561f24b2\" class=\"wd-text-block wd-wpb reset-last-child wd-rs-65e5d561f24b2 text-right wd-width-custom wd-fontsize-xs vc_custom_1709561345409\">\n\t\t\t<p>Zeolith mit seinen phantastischen Ergebnissen zur Verbesserung der Wasserqualit\u00e4t. Doch wie verh\u00e4lt sich Zeolith beim menschlichen Verzehr.<br \/>\nWir suchen f\u00fcr unser n\u00e4chstes Projekt noch 5.000 Teilnehmer. Sei dabei.<\/p>\n\t\t<\/div>\n\t\t<div id=\"wd-65e5d6383532c\" class=\" wd-rs-65e5d6383532c  wd-button-wrapper text-center inline-element\"><a href=\"#\" title=\"\" class=\"btn btn-color-primary btn-style-default btn-shape-round btn-size-default\">jetzt anmelden<\/a><\/div>[\/vc_column][vc_column width=&#8220;1\/2&#8243; css=&#8220;.vc_custom_1628855079380{padding-top: 40px !important;padding-bottom: 80px !important;background-image: url({{image3}}) !important;background-position: center !important;background-repeat: no-repeat !important;background-size: cover !important;}&#8220; woodmart_parallax=&#8220;0&#8243; parallax_scroll=&#8220;no&#8220; woodmart_sticky_column=&#8220;false&#8220; woodmart_css_id=&#8220;61165b25c675b&#8220; responsive_spacing=&#8220;eyJwYXJhbV90eXBlIjoid29vZG1hcnRfcmVzcG9uc2l2ZV9zcGFjaW5nIiwic2VsZWN0b3JfaWQiOiI2MTE2NWIyNWM2NzViIiwic2hvcnRjb2RlIjoidmNfY29sdW1uIiwiZGF0YSI6eyJ0YWJsZXQiOnt9LCJtb2JpbGUiOnsicGFkZGluZy1ib3R0b20iOiI0MCJ9fX0=&#8220; mobile_bg_img_hidden=&#8220;no&#8220; tablet_bg_img_hidden=&#8220;no&#8220; mobile_reset_margin=&#8220;no&#8220; tablet_reset_margin=&#8220;no&#8220; wd_z_index=&#8220;no&#8220;]\t\t<div id=\"wd-65e5d67890223\" data-parallax='{\"y\":\"40\",\"smoothness\":\"30\"}' class=\"wd-image wd-wpb wd-rs-65e5d67890223 text-left vc_custom_1709561508093\">\n\t\t\t\n\t\t\t<img loading=\"lazy\" decoding=\"async\" width=\"1200\" height=\"864\" src=\"https:\/\/www.sana-viva.com\/wp-content\/uploads\/2024\/03\/back_zeolith_1200.jpg\" class=\"attachment-full size-full\" alt=\"\" srcset=\"https:\/\/www.sana-viva.com\/wp-content\/uploads\/2024\/03\/back_zeolith_1200.jpg 1200w, https:\/\/www.sana-viva.com\/wp-content\/uploads\/2024\/03\/back_zeolith_1200-430x310.jpg 430w, https:\/\/www.sana-viva.com\/wp-content\/uploads\/2024\/03\/back_zeolith_1200-150x108.jpg 150w, https:\/\/www.sana-viva.com\/wp-content\/uploads\/2024\/03\/back_zeolith_1200-700x504.jpg 700w, https:\/\/www.sana-viva.com\/wp-content\/uploads\/2024\/03\/back_zeolith_1200-400x288.jpg 400w, https:\/\/www.sana-viva.com\/wp-content\/uploads\/2024\/03\/back_zeolith_1200-1111x800.jpg 1111w, https:\/\/www.sana-viva.com\/wp-content\/uploads\/2024\/03\/back_zeolith_1200-768x553.jpg 768w, https:\/\/www.sana-viva.com\/wp-content\/uploads\/2024\/03\/back_zeolith_1200-860x619.jpg 860w\" sizes=\"auto, (max-width: 1200px) 100vw, 1200px\" \/>\n\t\t\t\t\t<\/div>\n\t\t[\/vc_column][\/vc_row]<\/p>\n<\/div>","protected":false},"excerpt":{"rendered":"<p>[vc_row gap=&#8220;35&#8243; equal_height=&#8220;yes&#8220; content_placement=&#8220;top&#8220; css=&#8220;.vc_custom_1538568615552{margin-bottom: 4vh !important;}&#8220; woodmart_parallax=&#8220;0&#8243; woodmart_gradient_switch=&#8220;no&#8220; row_reverse_mobile=&#8220;0&#8243; row_reverse_tablet=&#8220;0&#8243; woodmart_disable_overflow=&#8220;0&#8243;][vc_column woodmart_parallax=&#8220;0&#8243; parallax_scroll=&#8220;no&#8220; woodmart_sticky_column=&#8220;false&#8220; css=&#8220;.vc_custom_1538568458450{margin-bottom: 4vh !important;padding-top: 0px !important;}&#8220;<\/p>\n","protected":false},"author":2,"featured_media":0,"parent":0,"menu_order":0,"comment_status":"closed","ping_status":"closed","template":"","meta":{"footnotes":""},"class_list":["post-9589","page","type-page","status-publish","hentry"],"jetpack_sharing_enabled":true,"_links":{"self":[{"href":"https:\/\/www.sana-viva.com\/index.php?rest_route=\/wp\/v2\/pages\/9589","targetHints":{"allow":["GET"]}}],"collection":[{"href":"https:\/\/www.sana-viva.com\/index.php?rest_route=\/wp\/v2\/pages"}],"about":[{"href":"https:\/\/www.sana-viva.com\/index.php?rest_route=\/wp\/v2\/types\/page"}],"author":[{"embeddable":true,"href":"https:\/\/www.sana-viva.com\/index.php?rest_route=\/wp\/v2\/users\/2"}],"replies":[{"embeddable":true,"href":"https:\/\/www.sana-viva.com\/index.php?rest_route=%2Fwp%2Fv2%2Fcomments&post=9589"}],"version-history":[{"count":27,"href":"https:\/\/www.sana-viva.com\/index.php?rest_route=\/wp\/v2\/pages\/9589\/revisions"}],"predecessor-version":[{"id":9913,"href":"https:\/\/www.sana-viva.com\/index.php?rest_route=\/wp\/v2\/pages\/9589\/revisions\/9913"}],"wp:attachment":[{"href":"https:\/\/www.sana-viva.com\/index.php?rest_route=%2Fwp%2Fv2%2Fmedia&parent=9589"}],"curies":[{"name":"wp","href":"https:\/\/api.w.org\/{rel}","templated":true}]}}