{"id":5212,"date":"2021-08-25T07:26:28","date_gmt":"2021-08-25T07:26:28","guid":{"rendered":"http:\/\/dummy.xtemos.com\/woodmart2\/?page_id=5212"},"modified":"2024-03-11T09:05:34","modified_gmt":"2024-03-11T09:05:34","slug":"about-us-3","status":"publish","type":"page","link":"https:\/\/www.sana-viva.com\/?page_id=5212","title":{"rendered":"\u00dcber uns"},"content":{"rendered":"<div class=\"wpb-content-wrapper\"><p>[vc_row full_width=&#8220;stretch_row&#8220; content_placement=&#8220;middle&#8220; css=&#8220;.vc_custom_1629876973406{margin-top: -40px !important;margin-bottom: 80px !important;padding-top: 80px !important;padding-bottom: 40px !important;background-color: #f9f9f9 !important;}&#8220; mobile_bg_img_hidden=&#8220;no&#8220; tablet_bg_img_hidden=&#8220;no&#8220; woodmart_parallax=&#8220;0&#8243; woodmart_gradient_switch=&#8220;no&#8220; row_reverse_mobile=&#8220;0&#8243; row_reverse_tablet=&#8220;0&#8243; woodmart_disable_overflow=&#8220;0&#8243; wd_z_index=&#8220;no&#8220; woodmart_css_id=&#8220;6125f2d9a9f9b&#8220; responsive_spacing=&#8220;eyJwYXJhbV90eXBlIjoid29vZG1hcnRfcmVzcG9uc2l2ZV9zcGFjaW5nIiwic2VsZWN0b3JfaWQiOiI2MTI1ZjJkOWE5ZjliIiwic2hvcnRjb2RlIjoidmNfcm93IiwiZGF0YSI6eyJ0YWJsZXQiOnt9LCJtb2JpbGUiOnsibWFyZ2luLWJvdHRvbSI6IjYwIiwicGFkZGluZy10b3AiOiI2MCIsInBhZGRpbmctYm90dG9tIjoiMjAifX19&#8243;][vc_column css=&#8220;.vc_custom_1629876989711{margin-bottom: 40px !important;padding-top: 0px !important;}&#8220; mobile_bg_img_hidden=&#8220;no&#8220; tablet_bg_img_hidden=&#8220;no&#8220; woodmart_parallax=&#8220;0&#8243; woodmart_sticky_column=&#8220;false&#8220; parallax_scroll=&#8220;no&#8220; mobile_reset_margin=&#8220;no&#8220; tablet_reset_margin=&#8220;no&#8220; offset=&#8220;vc_col-lg-4 vc_col-md-4 vc_col-xs-12&#8243; wd_z_index=&#8220;no&#8220; woodmart_css_id=&#8220;6125f2fa74bd9&#8243; responsive_spacing=&#8220;eyJwYXJhbV90eXBlIjoid29vZG1hcnRfcmVzcG9uc2l2ZV9zcGFjaW5nIiwic2VsZWN0b3JfaWQiOiI2MTI1ZjJmYTc0YmQ5Iiwic2hvcnRjb2RlIjoidmNfY29sdW1uIiwiZGF0YSI6eyJ0YWJsZXQiOnt9LCJtb2JpbGUiOnt9fX0=&#8220;]\t\t\t<div class=\"info-box-wrapper\">\n\t\t\t\t<div id=\"wd-65eec71ee4ee2\" class=\" wd-rs-65eec71ee4ee2 wd-info-box wd-wpb text-center box-icon-align-top box-style- color-scheme- wd-bg-none with-btn box-btn-static vc_custom_1710147367908\">\n\t\t\t\t\t\t\t\t\t\t\t<div class=\"box-icon-wrapper  box-with-icon box-icon-with-bg\">\n\t\t\t\t\t\t\t<div class=\"info-box-icon\">\n\n\t\t\t\t\t\t\t\n\t\t\t\t\t\t\t\t\t\t\t\t\t\t\t\t\t<img loading=\"lazy\" decoding=\"async\" width=\"200\" height=\"191\" src=\"https:\/\/www.sana-viva.com\/wp-content\/uploads\/2024\/03\/but_forschung_200.png\" class=\"attachment-medium size-medium\" alt=\"\" srcset=\"https:\/\/www.sana-viva.com\/wp-content\/uploads\/2024\/03\/but_forschung_200.png 200w, https:\/\/www.sana-viva.com\/wp-content\/uploads\/2024\/03\/but_forschung_200-150x143.png 150w\" sizes=\"auto, (max-width: 200px) 100vw, 200px\" \/>\t\t\t\t\t\t\t\t\t\t\t\t\t\t\t\n\t\t\t\t\t\t\t<\/div>\n\t\t\t\t\t\t<\/div>\n\t\t\t\t\t\t\t\t\t\t<div class=\"info-box-content\">\n\t\t\t\t\t\t<h4 class=\"info-box-title title box-title-style-default wd-fontsize-m\">Forschung<\/h4>\t\t\t\t\t\t<div class=\"info-box-inner reset-last-child\"><p>Wir forschen f\u00fcr Sie. Unterst\u00fctzen auch Sie unsere Projekte zur Erforschung unserer Naturgaben.<\/p>\n<\/div>\n\n\t\t\t\t\t\t<div class=\"info-btn-wrapper\"><div id=\"wd-69e779cf8d21d\" class=\"  wd-button-wrapper text-center\"><a href=\"#\" title=\"\" class=\"btn btn-color-primary btn-style-link btn-shape-rectangle btn-size-small\">mehr erfahren<\/a><\/div><\/div>\t\t\t\t\t<\/div>\n\n\t\t\t\t\t\n\t\t\t\t\t\t\t\t\t<\/div>\n\t\t\t<\/div>\n\t\t[\/vc_column][vc_column width=&#8220;1\/2&#8243; css=&#8220;.vc_custom_1629876984854{margin-bottom: 40px !important;padding-top: 0px !important;}&#8220; mobile_bg_img_hidden=&#8220;no&#8220; tablet_bg_img_hidden=&#8220;no&#8220; woodmart_parallax=&#8220;0&#8243; woodmart_sticky_column=&#8220;false&#8220; parallax_scroll=&#8220;no&#8220; mobile_reset_margin=&#8220;no&#8220; tablet_reset_margin=&#8220;no&#8220; offset=&#8220;vc_col-lg-offset-1 vc_col-lg-3 vc_col-md-4&#8243; wd_z_index=&#8220;no&#8220; woodmart_css_id=&#8220;6125f2f5a2779&#8243; responsive_spacing=&#8220;eyJwYXJhbV90eXBlIjoid29vZG1hcnRfcmVzcG9uc2l2ZV9zcGFjaW5nIiwic2VsZWN0b3JfaWQiOiI2MTI1ZjJmNWEyNzc5Iiwic2hvcnRjb2RlIjoidmNfY29sdW1uIiwiZGF0YSI6eyJ0YWJsZXQiOnt9LCJtb2JpbGUiOnt9fX0=&#8220;]\t\t\t<div class=\"info-box-wrapper\">\n\t\t\t\t<div id=\"wd-65eec6f328f97\" class=\" wd-rs-65eec6f328f97 wd-info-box wd-wpb text-center box-icon-align-top box-style- color-scheme- wd-bg-none with-btn box-btn-static vc_custom_1710147287543\">\n\t\t\t\t\t\t\t\t\t\t\t<div class=\"box-icon-wrapper  box-with-icon box-icon-with-bg\">\n\t\t\t\t\t\t\t<div class=\"info-box-icon\">\n\n\t\t\t\t\t\t\t\n\t\t\t\t\t\t\t\t\t\t\t\t\t\t\t\t\t<img loading=\"lazy\" decoding=\"async\" width=\"200\" height=\"191\" src=\"https:\/\/www.sana-viva.com\/wp-content\/uploads\/2024\/03\/logo_entwicklung_200.png\" class=\"attachment-medium size-medium\" alt=\"\" srcset=\"https:\/\/www.sana-viva.com\/wp-content\/uploads\/2024\/03\/logo_entwicklung_200.png 200w, https:\/\/www.sana-viva.com\/wp-content\/uploads\/2024\/03\/logo_entwicklung_200-150x143.png 150w\" sizes=\"auto, (max-width: 200px) 100vw, 200px\" \/>\t\t\t\t\t\t\t\t\t\t\t\t\t\t\t\n\t\t\t\t\t\t\t<\/div>\n\t\t\t\t\t\t<\/div>\n\t\t\t\t\t\t\t\t\t\t<div class=\"info-box-content\">\n\t\t\t\t\t\t<h4 class=\"info-box-title title box-title-style-default wd-fontsize-m\">Entwicklung<\/h4>\t\t\t\t\t\t<div class=\"info-box-inner reset-last-child\"><p>Wir entwickeln Rezepturen aus den Gaben unserer Natur. F\u00fcr Ihr Wohlbefinden und f\u00fcr unsere Natur.<\/p>\n<\/div>\n\n\t\t\t\t\t\t<div class=\"info-btn-wrapper\"><div id=\"wd-69e779cf8d701\" class=\"  wd-button-wrapper text-center\"><a href=\"#\" title=\"\" class=\"btn btn-color-primary btn-style-link btn-shape-rectangle btn-size-small\">mehr erfahren<\/a><\/div><\/div>\t\t\t\t\t<\/div>\n\n\t\t\t\t\t\n\t\t\t\t\t\t\t\t\t<\/div>\n\t\t\t<\/div>\n\t\t[\/vc_column][vc_column width=&#8220;1\/2&#8243; css=&#8220;.vc_custom_1629876980184{margin-bottom: 40px !important;padding-top: 0px !important;}&#8220; mobile_bg_img_hidden=&#8220;no&#8220; tablet_bg_img_hidden=&#8220;no&#8220; woodmart_parallax=&#8220;0&#8243; woodmart_sticky_column=&#8220;false&#8220; parallax_scroll=&#8220;no&#8220; mobile_reset_margin=&#8220;no&#8220; tablet_reset_margin=&#8220;no&#8220; offset=&#8220;vc_col-lg-offset-1 vc_col-lg-3 vc_col-md-4&#8243; wd_z_index=&#8220;no&#8220; woodmart_css_id=&#8220;6125f2efc6c08&#8243; responsive_spacing=&#8220;eyJwYXJhbV90eXBlIjoid29vZG1hcnRfcmVzcG9uc2l2ZV9zcGFjaW5nIiwic2VsZWN0b3JfaWQiOiI2MTI1ZjJlZmM2YzA4Iiwic2hvcnRjb2RlIjoidmNfY29sdW1uIiwiZGF0YSI6eyJ0YWJsZXQiOnt9LCJtb2JpbGUiOnt9fX0=&#8220;]\t\t\t<div class=\"info-box-wrapper\">\n\t\t\t\t<div id=\"wd-65eec75fb4b54\" class=\" wd-rs-65eec75fb4b54 wd-info-box wd-wpb text-center box-icon-align-top box-style- color-scheme- wd-bg-none with-btn box-btn-static vc_custom_1710147448262\">\n\t\t\t\t\t\t\t\t\t\t\t<div class=\"box-icon-wrapper  box-with-icon box-icon-with-bg\">\n\t\t\t\t\t\t\t<div class=\"info-box-icon\">\n\n\t\t\t\t\t\t\t\n\t\t\t\t\t\t\t\t\t\t\t\t\t\t\t\t\t<img loading=\"lazy\" decoding=\"async\" width=\"200\" height=\"191\" src=\"https:\/\/www.sana-viva.com\/wp-content\/uploads\/2024\/03\/logo_handel_200.png\" class=\"attachment-medium size-medium\" alt=\"\" srcset=\"https:\/\/www.sana-viva.com\/wp-content\/uploads\/2024\/03\/logo_handel_200.png 200w, https:\/\/www.sana-viva.com\/wp-content\/uploads\/2024\/03\/logo_handel_200-150x143.png 150w\" sizes=\"auto, (max-width: 200px) 100vw, 200px\" \/>\t\t\t\t\t\t\t\t\t\t\t\t\t\t\t\n\t\t\t\t\t\t\t<\/div>\n\t\t\t\t\t\t<\/div>\n\t\t\t\t\t\t\t\t\t\t<div class=\"info-box-content\">\n\t\t\t\t\t\t<h4 class=\"info-box-title title box-title-style-default wd-fontsize-m\">Handel<\/h4>\t\t\t\t\t\t<div class=\"info-box-inner reset-last-child\"><p>Nutzen Sie unser Netzwerk von Specialisten aus den Bereich. Von Anbau und Herstellung, bis zum Vertrieb. Wir sind f\u00fcr Sie da.<\/p>\n<\/div>\n\n\t\t\t\t\t\t<div class=\"info-btn-wrapper\"><div id=\"wd-69e779cf8dc4a\" class=\"  wd-button-wrapper text-center\"><a href=\"#\" title=\"\" class=\"btn btn-color-primary btn-style-link btn-shape-rectangle btn-size-small\">mehr erfahren<\/a><\/div><\/div>\t\t\t\t\t<\/div>\n\n\t\t\t\t\t\n\t\t\t\t\t\t\t\t\t<\/div>\n\t\t\t<\/div>\n\t\t[\/vc_column][\/vc_row][vc_row css=&#8220;.vc_custom_1629877038080{margin-bottom: 40px !important;}&#8220; mobile_bg_img_hidden=&#8220;no&#8220; tablet_bg_img_hidden=&#8220;no&#8220; woodmart_parallax=&#8220;0&#8243; woodmart_gradient_switch=&#8220;no&#8220; row_reverse_mobile=&#8220;1&#8243; row_reverse_tablet=&#8220;1&#8243; woodmart_disable_overflow=&#8220;0&#8243; wd_z_index=&#8220;no&#8220; woodmart_css_id=&#8220;6125f32826e3d&#8220; responsive_spacing=&#8220;eyJwYXJhbV90eXBlIjoid29vZG1hcnRfcmVzcG9uc2l2ZV9zcGFjaW5nIiwic2VsZWN0b3JfaWQiOiI2MTI1ZjMyODI2ZTNkIiwic2hvcnRjb2RlIjoidmNfcm93IiwiZGF0YSI6eyJ0YWJsZXQiOnt9LCJtb2JpbGUiOnsibWFyZ2luLWJvdHRvbSI6IjIwIn19fQ==&#8220;][vc_column css=&#8220;.vc_custom_1629877010833{margin-bottom: 40px !important;padding-top: 0px !important;}&#8220; mobile_bg_img_hidden=&#8220;no&#8220; tablet_bg_img_hidden=&#8220;no&#8220; woodmart_parallax=&#8220;0&#8243; woodmart_sticky_column=&#8220;false&#8220; parallax_scroll=&#8220;no&#8220; mobile_reset_margin=&#8220;no&#8220; tablet_reset_margin=&#8220;no&#8220; offset=&#8220;vc_col-lg-6 vc_col-md-6&#8243; wd_z_index=&#8220;no&#8220; woodmart_css_id=&#8220;6125f30edad72&#8243; responsive_spacing=&#8220;eyJwYXJhbV90eXBlIjoid29vZG1hcnRfcmVzcG9uc2l2ZV9zcGFjaW5nIiwic2VsZWN0b3JfaWQiOiI2MTI1ZjMwZWRhZDcyIiwic2hvcnRjb2RlIjoidmNfY29sdW1uIiwiZGF0YSI6eyJ0YWJsZXQiOnt9LCJtb2JpbGUiOnt9fX0=&#8220;]\t\t<div id=\"wd-65e079543d378\" class=\"wd-image wd-wpb wd-rs-65e079543d378 text-left vc_custom_1709209916647\">\n\t\t\t\n\t\t\t<img loading=\"lazy\" decoding=\"async\" width=\"1170\" height=\"772\" src=\"https:\/\/www.sana-viva.com\/wp-content\/uploads\/2024\/02\/slid_erde.jpg\" class=\"attachment-full size-full\" alt=\"\" srcset=\"https:\/\/www.sana-viva.com\/wp-content\/uploads\/2024\/02\/slid_erde.jpg 1170w, https:\/\/www.sana-viva.com\/wp-content\/uploads\/2024\/02\/slid_erde-430x284.jpg 430w, https:\/\/www.sana-viva.com\/wp-content\/uploads\/2024\/02\/slid_erde-150x99.jpg 150w, https:\/\/www.sana-viva.com\/wp-content\/uploads\/2024\/02\/slid_erde-700x462.jpg 700w, https:\/\/www.sana-viva.com\/wp-content\/uploads\/2024\/02\/slid_erde-400x264.jpg 400w, https:\/\/www.sana-viva.com\/wp-content\/uploads\/2024\/02\/slid_erde-768x507.jpg 768w, https:\/\/www.sana-viva.com\/wp-content\/uploads\/2024\/02\/slid_erde-860x567.jpg 860w\" sizes=\"auto, (max-width: 1170px) 100vw, 1170px\" \/>\n\t\t\t\t\t<\/div>\n\t\t[\/vc_column][vc_column css=&#8220;.vc_custom_1709210728840{margin-top: -35px !important;margin-bottom: 40px !important;}&#8220; mobile_bg_img_hidden=&#8220;no&#8220; tablet_bg_img_hidden=&#8220;no&#8220; woodmart_parallax=&#8220;0&#8243; woodmart_sticky_column=&#8220;false&#8220; parallax_scroll=&#8220;no&#8220; mobile_reset_margin=&#8220;no&#8220; tablet_reset_margin=&#8220;no&#8220; offset=&#8220;vc_col-lg-offset-1 vc_col-lg-5 vc_col-md-6 vc_col-xs-12&#8243; wd_z_index=&#8220;no&#8220; woodmart_css_id=&#8220;65e07c85575c9&#8243; responsive_spacing=&#8220;eyJwYXJhbV90eXBlIjoid29vZG1hcnRfcmVzcG9uc2l2ZV9zcGFjaW5nIiwic2VsZWN0b3JfaWQiOiI2NWUwN2M4NTU3NWM5Iiwic2hvcnRjb2RlIjoidmNfY29sdW1uIiwiZGF0YSI6eyJ0YWJsZXQiOnt9LCJtb2JpbGUiOnsicGFkZGluZy10b3AiOiIwcHgifX19&#8243; wd_collapsible_content_switcher=&#8220;no&#8220; wd_column_role_offcanvas_desktop=&#8220;no&#8220; wd_column_role_offcanvas_tablet=&#8220;no&#8220; wd_column_role_offcanvas_mobile=&#8220;no&#8220; wd_column_role_content_desktop=&#8220;no&#8220; wd_column_role_content_tablet=&#8220;no&#8220; wd_column_role_content_mobile=&#8220;no&#8220; woodmart_box_shadow=&#8220;no&#8220;]\n\t\t<div id=\"wd-65eec80f82311\" class=\"title-wrapper wd-wpb wd-set-mb reset-last-child  wd-rs-65eec80f82311 wd-title-color-primary wd-title-style-default text-left vc_custom_1710147571654 wd-underline-colored\">\n\t\t\t\t\t\t\t\n\t\t\t\t<div class=\"title-subtitle  subtitle-color-primary font-default subtitle-style-default wd-font-weight-600 wd-fontsize-xs\">die Dinge mal anders machen<\/div>\n\t\t\t\n\t\t\t<div class=\"liner-continer\">\n\t\t\t\t<h4 class=\"woodmart-title-container title  wd-font-weight- wd-fontsize-xxl\" >\u00dcber SANA VIVA<\/h4>\n\t\t\t\t\t\t\t<\/div>\n\t\t\t\n\t\t\t\n\t\t\t\n\t\t<\/div>\n\t\t\n\t\t[vc_separator color=&#8220;custom&#8220; accent_color=&#8220;rgba(10,10,10,0.12)&#8220; css=&#8220;.vc_custom_1615616514122{margin-bottom: 20px !important;padding-top: 10px !important;}&#8220;]\t\t<div id=\"wd-65eec8277bf20\" class=\"wd-text-block wd-wpb reset-last-child wd-rs-65eec8277bf20 text-left wd-width-enabled wd-fontsize-s vc_custom_1710147630701\" style=\"--wd-max-width: 90%;\">\n\t\t\t<p><strong>Mit Sana Viva starten wir eine Idee und eine M\u00f6glichkeit f\u00fcr jeden, der eine \u00c4nderung in dieser Welt anstrebt, sich \u00a0daf\u00fcr einzusetzen. F\u00fcr etwas, was ALLE Menschen gemeinsam haben: MUTTER ERDE. <\/strong><\/p>\n<p>Wir stehen\u00a0 f\u00fcr nachhaltige Erzeugnisse f\u00fcr Natur, Mensch und Tier.<\/p>\n<p><strong>Und das packen wir alles bequem in einen Onlinesupermarkt, mit Lieferung direkt vor die Haust\u00fcre. Und das geniale ist: JEDER kann mitmachen!<\/strong><\/p>\n<p><em>\u00a0<\/em><\/p>\n\t\t<\/div>\n\t\t[\/vc_column][\/vc_row][vc_section full_width=&#8220;stretch_row&#8220; css=&#8220;.vc_custom_1709210643389{margin-bottom: 80px !important;padding-top: 80px !important;padding-bottom: 40px !important;background-image: url(https:\/\/www.sana-viva.com\/wp-content\/uploads\/2024\/02\/slider.png?id=9537) !important;background-position: center !important;background-repeat: no-repeat !important;background-size: cover !important;}&#8220; mobile_bg_img_hidden=&#8220;no&#8220; tablet_bg_img_hidden=&#8220;no&#8220; woodmart_parallax=&#8220;0&#8243; woodmart_gradient_switch=&#8220;no&#8220; woodmart_disable_overflow=&#8220;0&#8243; wd_z_index=&#8220;no&#8220; woodmart_css_id=&#8220;65e07b9b4c9b6&#8243; responsive_spacing=&#8220;eyJwYXJhbV90eXBlIjoid29vZG1hcnRfcmVzcG9uc2l2ZV9zcGFjaW5nIiwic2VsZWN0b3JfaWQiOiI2NWUwN2I5YjRjOWI2Iiwic2hvcnRjb2RlIjoidmNfc2VjdGlvbiIsImRhdGEiOnsidGFibGV0Ijp7fSwibW9iaWxlIjp7Im1hcmdpbi1ib3R0b20iOiI2MHB4IiwicGFkZGluZy10b3AiOiI2MHB4IiwicGFkZGluZy1ib3R0b20iOiIyMHB4In19fQ==&#8220; woodmart_box_shadow=&#8220;no&#8220;][vc_row equal_height=&#8220;yes&#8220; content_placement=&#8220;middle&#8220; css=&#8220;.vc_custom_1615814278162{margin-right: -15px !important;margin-left: -15px !important;}&#8220; mobile_bg_img_hidden=&#8220;no&#8220; tablet_bg_img_hidden=&#8220;no&#8220; woodmart_parallax=&#8220;0&#8243; woodmart_gradient_switch=&#8220;no&#8220; row_reverse_mobile=&#8220;0&#8243; row_reverse_tablet=&#8220;0&#8243; woodmart_disable_overflow=&#8220;0&#8243;][vc_column width=&#8220;1\/2&#8243; woodmart_color_scheme=&#8220;light&#8220; css=&#8220;.vc_custom_1629877084287{margin-bottom: 40px !important;padding-top: 10px !important;padding-right: 30px !important;padding-bottom: 10px !important;padding-left: 30px !important;}&#8220; mobile_bg_img_hidden=&#8220;no&#8220; tablet_bg_img_hidden=&#8220;no&#8220; woodmart_parallax=&#8220;0&#8243; woodmart_sticky_column=&#8220;false&#8220; parallax_scroll=&#8220;no&#8220; mobile_reset_margin=&#8220;no&#8220; tablet_reset_margin=&#8220;no&#8220; wd_z_index=&#8220;no&#8220; woodmart_css_id=&#8220;6125f35912e56&#8243; responsive_spacing=&#8220;eyJwYXJhbV90eXBlIjoid29vZG1hcnRfcmVzcG9uc2l2ZV9zcGFjaW5nIiwic2VsZWN0b3JfaWQiOiI2MTI1ZjM1OTEyZTU2Iiwic2hvcnRjb2RlIjoidmNfY29sdW1uIiwiZGF0YSI6eyJ0YWJsZXQiOnt9LCJtb2JpbGUiOnt9fX0=&#8220;][vc_row_inner equal_height=&#8220;yes&#8220; css=&#8220;.vc_custom_1615814565315{margin-right: 0px !important;margin-left: 0px !important;border-bottom-width: 1px !important;border-bottom-color: rgba(255,255,255,0.3) !important;border-bottom-style: solid !important;}&#8220; row_reverse_mobile=&#8220;0&#8243; row_reverse_tablet=&#8220;0&#8243;][vc_column_inner width=&#8220;1\/2&#8243; css=&#8220;.vc_custom_1499604113587{border-right-width: 1px !important;padding-top: 35px !important;border-right-color: rgba(255,255,255,0.3) !important;border-right-style: solid !important;}&#8220; offset=&#8220;vc_col-xs-6&#8243;]\t\t\t<div class=\"woodmart-counter wd-wpb  wd-rs-65eec956ba23c counter-large text-center color-scheme-light \" id=\"wd-65eec956ba23c\">\n\t\t\t\t<div class=\"counter-value wd-font-weight-600\" data-state=\"new\" data-final=\"2006\">\n\t\t\t\t\t0\t\t\t\t<\/div>\n\t\t\t\t\t\t\t\t\t<div class=\"counter-label\">Gr\u00fcndungsjahr<\/div>\n\t\t\t\t\t\t\t\t\t\t\t<\/div>\n\n\t\t[\/vc_column_inner][vc_column_inner width=&#8220;1\/2&#8243; css=&#8220;.vc_custom_1499604100036{padding-top: 35px !important;}&#8220; offset=&#8220;vc_col-xs-6&#8243;]\t\t\t<div class=\"woodmart-counter wd-wpb  wd-rs-65eec88fd9261 counter-large text-center color-scheme-light \" id=\"wd-65eec88fd9261\">\n\t\t\t\t<div class=\"counter-value wd-font-weight-600\" data-state=\"new\" data-final=\"2000\">\n\t\t\t\t\t0\t\t\t\t<\/div>\n\t\t\t\t\t\t\t\t\t<div class=\"counter-label\">Zufriedene Kunden<\/div>\n\t\t\t\t\t\t\t\t\t\t\t<\/div>\n\n\t\t[\/vc_column_inner][\/vc_row_inner][vc_row_inner css=&#8220;.vc_custom_1499603294997{margin-right: 0px !important;margin-left: 0px !important;border-bottom-width: 1px !important;border-bottom-color: rgba(255,255,255,0.3) !important;border-bottom-style: solid !important;}&#8220;][vc_column_inner width=&#8220;1\/2&#8243; css=&#8220;.vc_custom_1499604519781{border-right-width: 1px !important;padding-top: 35px !important;border-right-color: rgba(255,255,255,0.3) !important;border-right-style: solid !important;}&#8220; offset=&#8220;vc_col-xs-6&#8243;]\t\t\t<div class=\"woodmart-counter wd-wpb  wd-rs-65eec89f85494 counter-large text-center color-scheme-light \" id=\"wd-65eec89f85494\">\n\t\t\t\t<div class=\"counter-value wd-font-weight-600\" data-state=\"new\" data-final=\"10\">\n\t\t\t\t\t0\t\t\t\t<\/div>\n\t\t\t\t\t\t\t\t\t<div class=\"counter-label\">Zusammenarbeit mit<\/div>\n\t\t\t\t\t\t\t\t\t\t\t<\/div>\n\n\t\t[\/vc_column_inner][vc_column_inner width=&#8220;1\/2&#8243; css=&#8220;.vc_custom_1499604526470{padding-top: 35px !important;}&#8220; offset=&#8220;vc_col-xs-6&#8243;]\t\t\t<div class=\"woodmart-counter wd-wpb  wd-rs-65eec8b1d5382 counter-large text-center color-scheme-light \" id=\"wd-65eec8b1d5382\">\n\t\t\t\t<div class=\"counter-value wd-font-weight-600\" data-state=\"new\" data-final=\"2\">\n\t\t\t\t\t0\t\t\t\t<\/div>\n\t\t\t\t\t\t\t\t\t<div class=\"counter-label\">Niederlassungen<\/div>\n\t\t\t\t\t\t\t\t\t\t\t<\/div>\n\n\t\t[\/vc_column_inner][\/vc_row_inner][vc_row_inner css=&#8220;.vc_custom_1499603310379{margin-right: 0px !important;margin-left: 0px !important;}&#8220;][vc_column_inner width=&#8220;1\/2&#8243; css=&#8220;.vc_custom_1499604535206{border-right-width: 1px !important;padding-top: 35px !important;border-right-color: rgba(255,255,255,0.3) !important;border-right-style: solid !important;}&#8220; offset=&#8220;vc_col-xs-6&#8243;]\t\t\t<div class=\"woodmart-counter wd-wpb  wd-rs-65eec8c3852af counter-large text-center color-scheme-light \" id=\"wd-65eec8c3852af\">\n\t\t\t\t<div class=\"counter-value wd-font-weight-600\" data-state=\"new\" data-final=\"16\">\n\t\t\t\t\t0\t\t\t\t<\/div>\n\t\t\t\t\t\t\t\t\t<div class=\"counter-label\">Team Mitglieder<\/div>\n\t\t\t\t\t\t\t\t\t\t\t<\/div>\n\n\t\t[\/vc_column_inner][vc_column_inner width=&#8220;1\/2&#8243; css=&#8220;.vc_custom_1499604548790{padding-top: 35px !important;}&#8220; offset=&#8220;vc_col-xs-6&#8243;]\t\t\t<div class=\"woodmart-counter wd-wpb  wd-rs-65eec8d4b3958 counter-large text-center color-scheme-light \" id=\"wd-65eec8d4b3958\">\n\t\t\t\t<div class=\"counter-value wd-font-weight-600\" data-state=\"new\" data-final=\"2024\">\n\t\t\t\t\t0\t\t\t\t<\/div>\n\t\t\t\t\t\t\t\t\t<div class=\"counter-label\">Projekte starten<\/div>\n\t\t\t\t\t\t\t\t\t\t\t<\/div>\n\n\t\t[\/vc_column_inner][\/vc_row_inner][\/vc_column][vc_column width=&#8220;1\/2&#8243; css=&#8220;.vc_custom_1629877079783{margin-bottom: 40px !important;padding-top: 10px !important;padding-right: 15px !important;padding-bottom: 10px !important;padding-left: 15px !important;}&#8220; mobile_bg_img_hidden=&#8220;no&#8220; tablet_bg_img_hidden=&#8220;no&#8220; woodmart_parallax=&#8220;0&#8243; woodmart_sticky_column=&#8220;false&#8220; parallax_scroll=&#8220;no&#8220; mobile_reset_margin=&#8220;no&#8220; tablet_reset_margin=&#8220;no&#8220; wd_z_index=&#8220;no&#8220; woodmart_css_id=&#8220;6125f353ede07&#8243; responsive_spacing=&#8220;eyJwYXJhbV90eXBlIjoid29vZG1hcnRfcmVzcG9uc2l2ZV9zcGFjaW5nIiwic2VsZWN0b3JfaWQiOiI2MTI1ZjM1M2VkZTA3Iiwic2hvcnRjb2RlIjoidmNfY29sdW1uIiwiZGF0YSI6eyJ0YWJsZXQiOnt9LCJtb2JpbGUiOnt9fX0=&#8220;][\/vc_column][\/vc_row][\/vc_section][vc_row][vc_column width=&#8220;1\/2&#8243; css=&#8220;.vc_custom_1615617895716{padding-top: 0px !important;}&#8220; mobile_bg_img_hidden=&#8220;no&#8220; tablet_bg_img_hidden=&#8220;no&#8220; woodmart_parallax=&#8220;0&#8243; woodmart_sticky_column=&#8220;false&#8220; parallax_scroll=&#8220;no&#8220; mobile_reset_margin=&#8220;no&#8220; tablet_reset_margin=&#8220;no&#8220;][vc_video link=&#8220;https:\/\/www.youtube.com\/watch?v=YBLZmwlPa8A&#8220; image_poster_switch=&#8220;yes&#8220; img_size=&#8220;full&#8220; woodmart_css_id=&#8220;65e07f6dd9b3d&#8220;]\n\t\t<div id=\"wd-65e07d85320c3\" class=\"title-wrapper wd-wpb wd-set-mb reset-last-child  wd-rs-65e07d85320c3 wd-title-color-default wd-title-style-default text-left vc_custom_1709210994827 wd-underline-colored\">\n\t\t\t\n\t\t\t<div class=\"liner-continer\">\n\t\t\t\t<h4 class=\"woodmart-title-container title  wd-font-weight- wd-fontsize-l\" >Documentary by John D. Liu<\/h4>\n\t\t\t\t\t\t\t<\/div>\n\t\t\t\n\t\t\t\n\t\t\t\n\t\t<\/div>\n\t\t\n\t\t\t\t<div id=\"wd-65e07f34e991e\" class=\"wd-text-block wd-wpb reset-last-child wd-rs-65e07f34e991e text-left wd-width-custom wd-fontsize-s \">\n\t\t\t<p><em><strong>Du siehst Dinge und fragst \u201eWarum?\u201c, doch ich tr\u00e4ume von Dingen und sage \u201eWarum nicht?\u201c\u00a0<\/strong><br \/>\n(George Bernard Shaw (1856-1950)<\/em><\/p>\n\t\t<\/div>\n\t\t[\/vc_column][vc_column width=&#8220;1\/2&#8243; css=&#8220;.vc_custom_1629877093976{padding-top: 0px !important;}&#8220; mobile_bg_img_hidden=&#8220;no&#8220; tablet_bg_img_hidden=&#8220;no&#8220; woodmart_parallax=&#8220;0&#8243; woodmart_sticky_column=&#8220;false&#8220; parallax_scroll=&#8220;no&#8220; mobile_reset_margin=&#8220;no&#8220; tablet_reset_margin=&#8220;no&#8220; wd_z_index=&#8220;no&#8220; woodmart_css_id=&#8220;6125f363cf509&#8243; responsive_spacing=&#8220;eyJwYXJhbV90eXBlIjoid29vZG1hcnRfcmVzcG9uc2l2ZV9zcGFjaW5nIiwic2VsZWN0b3JfaWQiOiI2MTI1ZjM2M2NmNTA5Iiwic2hvcnRjb2RlIjoidmNfY29sdW1uIiwiZGF0YSI6eyJ0YWJsZXQiOnt9LCJtb2JpbGUiOnt9fX0=&#8220;][vc_video link=&#8220;https:\/\/www.youtube.com\/watch?v=j1RGVArjJac&#8220; image_poster_switch=&#8220;yes&#8220; img_size=&#8220;full&#8220; woodmart_css_id=&#8220;65e07f58194cc&#8220;]\n\t\t<div id=\"wd-65e07f8bab696\" class=\"title-wrapper wd-wpb wd-set-mb reset-last-child  wd-rs-65e07f8bab696 wd-title-color-default wd-title-style-default text-left vc_custom_1709211501700 wd-underline-colored\">\n\t\t\t\n\t\t\t<div class=\"liner-continer\">\n\t\t\t\t<h4 class=\"woodmart-title-container title  wd-font-weight- wd-fontsize-l\" >Planet Ocean - der Film (Yann Arthus-Bertrand &amp; Michael Pitiot)<\/h4>\n\t\t\t\t\t\t\t<\/div>\n\t\t\t\n\t\t\t\n\t\t\t\n\t\t<\/div>\n\t\t\n\t\t\t\t<div id=\"wd-65e07ef7d64b6\" class=\"wd-text-block wd-wpb reset-last-child wd-rs-65e07ef7d64b6 text-left wd-width-custom wd-fontsize-s \">\n\t\t\t<p><em>&#8222;Gelegenheiten, die Du verpasst hast kommen nie wieder,<br \/>\naber sie lehren Dich neue wahr zu nehmen.&#8220;<br \/>\n(Weisheit)<br \/>\n<\/em><\/p>\n\t\t<\/div>\n\t\t[\/vc_column][\/vc_row]<\/p>\n<\/div>","protected":false},"excerpt":{"rendered":"<p>[vc_row full_width=&#8220;stretch_row&#8220; content_placement=&#8220;middle&#8220; css=&#8220;.vc_custom_1629876973406{margin-top: -40px !important;margin-bottom: 80px !important;padding-top: 80px !important;padding-bottom: 40px !important;background-color: #f9f9f9 !important;}&#8220; mobile_bg_img_hidden=&#8220;no&#8220; tablet_bg_img_hidden=&#8220;no&#8220; woodmart_parallax=&#8220;0&#8243; woodmart_gradient_switch=&#8220;no&#8220; row_reverse_mobile=&#8220;0&#8243; row_reverse_tablet=&#8220;0&#8243;<\/p>\n","protected":false},"author":2,"featured_media":0,"parent":0,"menu_order":0,"comment_status":"closed","ping_status":"closed","template":"","meta":{"footnotes":""},"class_list":["post-5212","page","type-page","status-publish","hentry"],"jetpack_sharing_enabled":true,"_links":{"self":[{"href":"https:\/\/www.sana-viva.com\/index.php?rest_route=\/wp\/v2\/pages\/5212","targetHints":{"allow":["GET"]}}],"collection":[{"href":"https:\/\/www.sana-viva.com\/index.php?rest_route=\/wp\/v2\/pages"}],"about":[{"href":"https:\/\/www.sana-viva.com\/index.php?rest_route=\/wp\/v2\/types\/page"}],"author":[{"embeddable":true,"href":"https:\/\/www.sana-viva.com\/index.php?rest_route=\/wp\/v2\/users\/2"}],"replies":[{"embeddable":true,"href":"https:\/\/www.sana-viva.com\/index.php?rest_route=%2Fwp%2Fv2%2Fcomments&post=5212"}],"version-history":[{"count":11,"href":"https:\/\/www.sana-viva.com\/index.php?rest_route=\/wp\/v2\/pages\/5212\/revisions"}],"predecessor-version":[{"id":9762,"href":"https:\/\/www.sana-viva.com\/index.php?rest_route=\/wp\/v2\/pages\/5212\/revisions\/9762"}],"wp:attachment":[{"href":"https:\/\/www.sana-viva.com\/index.php?rest_route=%2Fwp%2Fv2%2Fmedia&parent=5212"}],"curies":[{"name":"wp","href":"https:\/\/api.w.org\/{rel}","templated":true}]}}