{"id":14,"date":"2024-02-28T12:48:02","date_gmt":"2024-02-28T12:48:02","guid":{"rendered":"http:\/\/www.sana-viva.com\/?page_id=14"},"modified":"2024-02-28T12:48:02","modified_gmt":"2024-02-28T12:48:02","slug":"mein-konto","status":"publish","type":"page","link":"https:\/\/www.sana-viva.com\/?page_id=14","title":{"rendered":"Mein Konto"},"content":{"rendered":"<div class=\"woocommerce\"><div class=\"woocommerce-notices-wrapper\"><\/div>\n<div class=\"wd-registration-page wd-register-tabs\">\n\n\n<div class=\"wd-grid-f-col\" id=\"customer_login\">\n\n\t<div class=\"wd-col col-login\">\n\n\n\t\t<h2 class=\"wd-login-title\">Anmelden<\/h2>\n\n\t\t\t\t\t<form method=\"post\" class=\"login woocommerce-form woocommerce-form-login\n\t\t\t\t\t\t\" action=\"https:\/\/www.sana-viva.com\/?page_id=14&#038;action=login\" \t\t\t>\n\n\t\t\t\t\n\t\t\t\t\n\t\t\t\t<p class=\"woocommerce-FormRow woocommerce-FormRow--wide form-row form-row-wide form-row-username\">\n\t\t\t\t\t<label for=\"username\">Benutzername oder E-Mail-Adresse&nbsp;<span class=\"required\" aria-hidden=\"true\">*<\/span><span class=\"screen-reader-text\">Erforderlich<\/span><\/label>\n\t\t\t\t\t<input type=\"text\" class=\"woocommerce-Input woocommerce-Input--text input-text\" name=\"username\" id=\"username\" value=\"\" \/>\t\t\t\t<\/p>\n\t\t\t\t<p class=\"woocommerce-FormRow woocommerce-FormRow--wide form-row form-row-wide form-row-password\">\n\t\t\t\t\t<label for=\"password\">Password&nbsp;<span class=\"required\" aria-hidden=\"true\">*<\/span><span class=\"screen-reader-text\">Erforderlich<\/span><\/label>\n\t\t\t\t\t<input class=\"woocommerce-Input woocommerce-Input--text input-text\" type=\"password\" name=\"password\" id=\"password\" autocomplete=\"current-password\" \/>\n\t\t\t\t<\/p>\n\n\t\t\t\t\n\t\t\t\t<p class=\"form-row\">\n\t\t\t\t\t<input type=\"hidden\" id=\"woocommerce-login-nonce\" name=\"woocommerce-login-nonce\" value=\"e9d3788cd2\" \/><input type=\"hidden\" name=\"_wp_http_referer\" value=\"\/index.php?rest_route=%2Fwp%2Fv2%2Fpages%2F14\" \/>\t\t\t\t\t\t\t\t\t\t<button type=\"submit\" class=\"button woocommerce-button woocommerce-form-login__submit\" name=\"login\" value=\"Log in\">Log in<\/button>\n\t\t\t\t<\/p>\n\n\t\t\t\t<p class=\"login-form-footer\">\n\t\t\t\t\t<a href=\"https:\/\/www.sana-viva.com\/?page_id=14&#038;lost-password\" class=\"woocommerce-LostPassword lost_password\">Lost your password?<\/a>\n\t\t\t\t\t<label class=\"woocommerce-form__label woocommerce-form__label-for-checkbox woocommerce-form-login__rememberme\">\n\t\t\t\t\t\t<input class=\"woocommerce-form__input woocommerce-form__input-checkbox\" name=\"rememberme\" type=\"checkbox\" value=\"forever\" title=\"Remember me\" aria-label=\"Remember me\" \/> <span>Remember me<\/span>\n\t\t\t\t\t<\/label>\n\t\t\t\t<\/p>\n\n\t\t\t\t\n\t\t\t\t\t\t\t<\/form>\n\n\t\t\n\n\t<\/div>\n\n\t<div class=\"wd-col col-register\">\n\n\t\t<h2 class=\"wd-login-title\">Registrieren<\/h2>\n\n\t\t<form method=\"post\" action=\"https:\/\/www.sana-viva.com\/?page_id=14&#038;action=register\" class=\"woocommerce-form woocommerce-form-register register\"  >\n\n\t\t\t\n\t\t\t\n\t\t\t<p class=\"woocommerce-form-row woocommerce-form-row--wide form-row form-row-wide\">\n\t\t\t\t<label for=\"reg_email\">E-Mail-Adresse&nbsp;<span class=\"required\" aria-hidden=\"true\">*<\/span><span class=\"screen-reader-text\">Erforderlich<\/span><\/label>\n\t\t\t\t<input type=\"email\" class=\"woocommerce-Input woocommerce-Input--text input-text\" name=\"email\" id=\"reg_email\" autocomplete=\"email\" value=\"\" \/>\t\t\t<\/p>\n\n\t\t\t\n\t\t\t\t<p>Ein Link zum Erstellen eines neuen Passwort wird an deine E-Mail-Adresse gesendet.<\/p>\n\n\t\t\t\n\t\t\t<div style=\"left: -999em; position: absolute;\"><label for=\"trap\">Anti-spam<\/label><input type=\"text\" name=\"email_2\" id=\"trap\" tabindex=\"-1\" \/><\/div>\n\n\t\t\t<wc-order-attribution-inputs><\/wc-order-attribution-inputs><div class=\"woocommerce-privacy-policy-text\"><p>Wir verwenden deine personenbezogenen Daten, um eine m\u00f6glichst gute Benutzererfahrung auf dieser Website zu erm\u00f6glichen, den Zugriff auf dein Konto zu verwalten und f\u00fcr weitere Zwecke, die in unserer <a href=\"https:\/\/www.sana-viva.com\/?page_id=3\" class=\"woocommerce-privacy-policy-link\" target=\"_blank\">Datenschutzerkl\u00e4rung<\/a> beschrieben sind.<\/p>\n<\/div>\n\t\t\t<p class=\"woocommerce-form-row form-row\">\n\t\t\t\t<input type=\"hidden\" id=\"woocommerce-register-nonce\" name=\"woocommerce-register-nonce\" value=\"1789068b3b\" \/><input type=\"hidden\" name=\"_wp_http_referer\" value=\"\/index.php?rest_route=%2Fwp%2Fv2%2Fpages%2F14\" \/>\t\t\t\t<button type=\"submit\" class=\"woocommerce-Button woocommerce-button button\" name=\"register\" value=\"Registrieren\">Registrieren<\/button>\n\t\t\t<\/p>\n\n\t\t\t\n\t\t<\/form>\n\n\t<\/div>\n\n\t\t\t<div class=\"wd-col col-register-text\">\n\n\t\t\t<p class=\"title wd-login-divider \"><span>Or<\/span><\/p>\n\n\t\t\t\n\t\t\t\t\t\t\t<h2 class=\"wd-login-title\">Forscher Registrierung<\/h2>\n\t\t\t\n\t\t\t\n\t\t\t\t\t\t\t<div class=\"registration-info\">Registrieren Sie sich bitte zuerst als Forscher bei der SANA VIVA Forschungsanstalt.\r\nNur Forscher haben vollen Zugriff auf unser Portal.<\/div>\n\t\t\t\n\t\t\t\n\t\t\t<a href=\"#\" rel=\"nofollow noopener\" class=\"btn wd-switch-to-register\" data-login=\"Anmelden\" data-login-title=\"Anmelden\" data-reg-title=\"Forscher Registrierung\" data-register=\"Registrieren\">Registrieren<\/a>\n\n\t\t<\/div>\n\t\n<\/div>\n\n<\/div>\n\n<\/div>","protected":false},"excerpt":{"rendered":"Anmelden Benutzername oder E-Mail-Adresse&nbsp;*Erforderlich Password&nbsp;*Erforderlich Log in Lost your password? Remember me Registrieren E-Mail-Adresse&nbsp;*Erforderlich Ein Link zum Erstellen eines neuen","protected":false},"author":1,"featured_media":0,"parent":0,"menu_order":0,"comment_status":"closed","ping_status":"closed","template":"","meta":{"footnotes":""},"class_list":["post-14","page","type-page","status-publish","hentry"],"jetpack_sharing_enabled":true,"_links":{"self":[{"href":"https:\/\/www.sana-viva.com\/index.php?rest_route=\/wp\/v2\/pages\/14","targetHints":{"allow":["GET"]}}],"collection":[{"href":"https:\/\/www.sana-viva.com\/index.php?rest_route=\/wp\/v2\/pages"}],"about":[{"href":"https:\/\/www.sana-viva.com\/index.php?rest_route=\/wp\/v2\/types\/page"}],"author":[{"embeddable":true,"href":"https:\/\/www.sana-viva.com\/index.php?rest_route=\/wp\/v2\/users\/1"}],"replies":[{"embeddable":true,"href":"https:\/\/www.sana-viva.com\/index.php?rest_route=%2Fwp%2Fv2%2Fcomments&post=14"}],"version-history":[{"count":0,"href":"https:\/\/www.sana-viva.com\/index.php?rest_route=\/wp\/v2\/pages\/14\/revisions"}],"wp:attachment":[{"href":"https:\/\/www.sana-viva.com\/index.php?rest_route=%2Fwp%2Fv2%2Fmedia&parent=14"}],"curies":[{"name":"wp","href":"https:\/\/api.w.org\/{rel}","templated":true}]}}